{"id":1935,"date":"2024-04-15T14:24:56","date_gmt":"2024-04-15T14:24:56","guid":{"rendered":"https:\/\/shop.institut-mkral.co.uk\/product\/pmu-brows\/"},"modified":"2025-09-30T17:31:23","modified_gmt":"2025-09-30T17:31:23","slug":"kurs-pmu-makijaz-permanentny-brwi","status":"publish","type":"product","link":"https:\/\/shop.institut-mkral.co.uk\/pl\/produkt\/kurs-pmu-makijaz-permanentny-brwi\/","title":{"rendered":"Kurs PMU &#8211; Makija\u017c Permanentny Brwi"},"content":{"rendered":"\n<p>Zapraszam osoby, kt\u00f3re chc\u0105 rozpocz\u0105\u0107 swoj\u0105 przygod\u0119 z makija\u017cem permanentnym \u2013 zar\u00f3wno z bran\u017cy beauty, jak i te, kt\u00f3re chcia\u0142yby zdoby\u0107 nowy zaw\u00f3d od podstaw, korzystaj\u0105c z mojego 13-letniego do\u015bwiadczenia w PMU.<br \/>\n  Jestem certyfikowan\u0105 trenerk\u0105 AET, posiadam certyfikat VTCT Micropigmentation L4.<br \/>\n  <strong>Szkolenie Basic Brows:<\/strong><br \/>\n  Kurs obejmuje:<br \/>\n  \u2013 anatomi\u0119 i fizjologi\u0119<br \/>\n  \u2013 teori\u0119 kolor\u00f3w<br \/>\n  \u2013 typy sk\u00f3ry i ich odcienie<br \/>\n  \u2013 rodzaje pigment\u00f3w<br \/>\n  \u2013 oczywi\u015bcie praktyk\u0119<br \/>\n  \u2013 obszerny skrypt szkoleniowy<br \/>\n  \u2013 opiek\u0119 pozabiegow\u0105<br \/>\n  \u2013 kursy akredytowane przez ABT<br \/>\n  \u2013 materia\u0142y szkoleniowe, prac\u0119 na sk\u00f3rach treningowych i modelkach<br \/>\n  \u2013 perfekcyjny rysunek wst\u0119pny<br \/>\n  \u2013 pokaz na modelce<br \/>\n  \u2013 wsparcie po szkoleniu<br \/>\n  \u2013 triki dla perfekcyjnej pigmentacji<br \/>\n  \u2013 zestaw startowy<\/p>\n<p>Szkolenie indywidualne 1:1<br \/>\n  Czas trwania: 5 dni<br \/>\n  Koszt: \u00a32200<\/p>\n","protected":false},"excerpt":{"rendered":"<p><strong>Dla kogo:<\/strong> Zosta\u0144 Certyfikowan\u0105 Linergistk\u0105<br \/>\nPMU Brwi od podstaw<\/p>\n<p>Dla os\u00f3b, kt\u00f3re chc\u0105 zosta\u0107 linergistk\u0105.<br \/>\n5 dni pe\u0142nych wiedzy i praktyki, gwarantuj\u0105cych samodzieln\u0105 prac\u0119 po uko\u0144czeniu szkolenia!<\/p>\n","protected":false},"featured_media":1918,"template":"","meta":[],"product_brand":[],"product_cat":[68],"product_tag":[],"class_list":{"0":"post-1935","1":"product","2":"type-product","3":"status-publish","4":"has-post-thumbnail","6":"product_cat-bez-kategorii","8":"first","9":"instock","10":"virtual","11":"purchasable","12":"product-type-simple"},"yoast_head":"<!-- This site is optimized with the Yoast SEO plugin v27.5 - https:\/\/yoast.com\/product\/yoast-seo-wordpress\/ -->\n<title>Kurs PMU - Makija\u017c Permanentny Brwi - shop.institut-mkral.co.uk<\/title>\n<meta name=\"robots\" content=\"index, follow, max-snippet:-1, max-image-preview:large, max-video-preview:-1\" \/>\n<link rel=\"canonical\" href=\"https:\/\/shop.institut-mkral.co.uk\/pl\/produkt\/kurs-pmu-makijaz-permanentny-brwi\/\" \/>\n<meta property=\"og:locale\" content=\"pl_PL\" \/>\n<meta property=\"og:type\" content=\"article\" \/>\n<meta property=\"og:title\" content=\"Kurs PMU - Makija\u017c Permanentny Brwi - shop.institut-mkral.co.uk\" \/>\n<meta property=\"og:description\" content=\"Dla kogo: Zosta\u0144 Certyfikowan\u0105 Linergistk\u0105 PMU Brwi od podstaw  Dla os\u00f3b, kt\u00f3re chc\u0105 zosta\u0107 linergistk\u0105. 5 dni pe\u0142nych wiedzy i praktyki, gwarantuj\u0105cych samodzieln\u0105 prac\u0119 po uko\u0144czeniu szkolenia!\" \/>\n<meta property=\"og:url\" content=\"https:\/\/shop.institut-mkral.co.uk\/pl\/produkt\/kurs-pmu-makijaz-permanentny-brwi\/\" \/>\n<meta property=\"og:site_name\" content=\"shop.institut-mkral.co.uk\" \/>\n<meta property=\"article:modified_time\" content=\"2025-09-30T17:31:23+00:00\" \/>\n<meta property=\"og:image\" content=\"https:\/\/shop.institut-mkral.co.uk\/wp-content\/uploads\/2024\/04\/13-1.png\" \/>\n\t<meta property=\"og:image:width\" content=\"1000\" \/>\n\t<meta property=\"og:image:height\" content=\"1000\" \/>\n\t<meta property=\"og:image:type\" content=\"image\/png\" \/>\n<meta name=\"twitter:card\" content=\"summary_large_image\" \/>\n<meta name=\"twitter:label1\" content=\"Szacowany czas czytania\" \/>\n\t<meta name=\"twitter:data1\" content=\"1 minuta\" \/>\n<script type=\"application\/ld+json\" class=\"yoast-schema-graph\">{\"@context\":\"https:\\\/\\\/schema.org\",\"@graph\":[{\"@type\":\"WebPage\",\"@id\":\"https:\\\/\\\/shop.institut-mkral.co.uk\\\/pl\\\/produkt\\\/kurs-pmu-makijaz-permanentny-brwi\\\/\",\"url\":\"https:\\\/\\\/shop.institut-mkral.co.uk\\\/pl\\\/produkt\\\/kurs-pmu-makijaz-permanentny-brwi\\\/\",\"name\":\"Kurs PMU - Makija\u017c Permanentny Brwi - shop.institut-mkral.co.uk\",\"isPartOf\":{\"@id\":\"https:\\\/\\\/shop.institut-mkral.co.uk\\\/pl\\\/#website\"},\"primaryImageOfPage\":{\"@id\":\"https:\\\/\\\/shop.institut-mkral.co.uk\\\/pl\\\/produkt\\\/kurs-pmu-makijaz-permanentny-brwi\\\/#primaryimage\"},\"image\":{\"@id\":\"https:\\\/\\\/shop.institut-mkral.co.uk\\\/pl\\\/produkt\\\/kurs-pmu-makijaz-permanentny-brwi\\\/#primaryimage\"},\"thumbnailUrl\":\"https:\\\/\\\/shop.institut-mkral.co.uk\\\/wp-content\\\/uploads\\\/2024\\\/04\\\/13-1.png\",\"datePublished\":\"2024-04-15T14:24:56+00:00\",\"dateModified\":\"2025-09-30T17:31:23+00:00\",\"breadcrumb\":{\"@id\":\"https:\\\/\\\/shop.institut-mkral.co.uk\\\/pl\\\/produkt\\\/kurs-pmu-makijaz-permanentny-brwi\\\/#breadcrumb\"},\"inLanguage\":\"pl-PL\",\"potentialAction\":[{\"@type\":\"ReadAction\",\"target\":[\"https:\\\/\\\/shop.institut-mkral.co.uk\\\/pl\\\/produkt\\\/kurs-pmu-makijaz-permanentny-brwi\\\/\"]}]},{\"@type\":\"ImageObject\",\"inLanguage\":\"pl-PL\",\"@id\":\"https:\\\/\\\/shop.institut-mkral.co.uk\\\/pl\\\/produkt\\\/kurs-pmu-makijaz-permanentny-brwi\\\/#primaryimage\",\"url\":\"https:\\\/\\\/shop.institut-mkral.co.uk\\\/wp-content\\\/uploads\\\/2024\\\/04\\\/13-1.png\",\"contentUrl\":\"https:\\\/\\\/shop.institut-mkral.co.uk\\\/wp-content\\\/uploads\\\/2024\\\/04\\\/13-1.png\",\"width\":1000,\"height\":1000},{\"@type\":\"BreadcrumbList\",\"@id\":\"https:\\\/\\\/shop.institut-mkral.co.uk\\\/pl\\\/produkt\\\/kurs-pmu-makijaz-permanentny-brwi\\\/#breadcrumb\",\"itemListElement\":[{\"@type\":\"ListItem\",\"position\":1,\"name\":\"Home\",\"item\":\"https:\\\/\\\/shop.institut-mkral.co.uk\\\/pl\\\/\"},{\"@type\":\"ListItem\",\"position\":2,\"name\":\"Sklep\",\"item\":\"https:\\\/\\\/shop.institut-mkral.co.uk\\\/pl\\\/sklep\\\/\"},{\"@type\":\"ListItem\",\"position\":3,\"name\":\"Kurs PMU &#8211; Makija\u017c Permanentny Brwi\"}]},{\"@type\":\"WebSite\",\"@id\":\"https:\\\/\\\/shop.institut-mkral.co.uk\\\/pl\\\/#website\",\"url\":\"https:\\\/\\\/shop.institut-mkral.co.uk\\\/pl\\\/\",\"name\":\"shop.institut-mkral.co.uk\",\"description\":\"\",\"potentialAction\":[{\"@type\":\"SearchAction\",\"target\":{\"@type\":\"EntryPoint\",\"urlTemplate\":\"https:\\\/\\\/shop.institut-mkral.co.uk\\\/pl\\\/?s={search_term_string}\"},\"query-input\":{\"@type\":\"PropertyValueSpecification\",\"valueRequired\":true,\"valueName\":\"search_term_string\"}}],\"inLanguage\":\"pl-PL\"}]}<\/script>\n<!-- \/ Yoast SEO plugin. -->","yoast_head_json":{"title":"Kurs PMU - Makija\u017c Permanentny Brwi - shop.institut-mkral.co.uk","robots":{"index":"index","follow":"follow","max-snippet":"max-snippet:-1","max-image-preview":"max-image-preview:large","max-video-preview":"max-video-preview:-1"},"canonical":"https:\/\/shop.institut-mkral.co.uk\/pl\/produkt\/kurs-pmu-makijaz-permanentny-brwi\/","og_locale":"pl_PL","og_type":"article","og_title":"Kurs PMU - Makija\u017c Permanentny Brwi - shop.institut-mkral.co.uk","og_description":"Dla kogo: Zosta\u0144 Certyfikowan\u0105 Linergistk\u0105 PMU Brwi od podstaw  Dla os\u00f3b, kt\u00f3re chc\u0105 zosta\u0107 linergistk\u0105. 5 dni pe\u0142nych wiedzy i praktyki, gwarantuj\u0105cych samodzieln\u0105 prac\u0119 po uko\u0144czeniu szkolenia!","og_url":"https:\/\/shop.institut-mkral.co.uk\/pl\/produkt\/kurs-pmu-makijaz-permanentny-brwi\/","og_site_name":"shop.institut-mkral.co.uk","article_modified_time":"2025-09-30T17:31:23+00:00","og_image":[{"width":1000,"height":1000,"url":"https:\/\/shop.institut-mkral.co.uk\/wp-content\/uploads\/2024\/04\/13-1.png","type":"image\/png"}],"twitter_card":"summary_large_image","twitter_misc":{"Szacowany czas czytania":"1 minuta"},"schema":{"@context":"https:\/\/schema.org","@graph":[{"@type":"WebPage","@id":"https:\/\/shop.institut-mkral.co.uk\/pl\/produkt\/kurs-pmu-makijaz-permanentny-brwi\/","url":"https:\/\/shop.institut-mkral.co.uk\/pl\/produkt\/kurs-pmu-makijaz-permanentny-brwi\/","name":"Kurs PMU - Makija\u017c Permanentny Brwi - shop.institut-mkral.co.uk","isPartOf":{"@id":"https:\/\/shop.institut-mkral.co.uk\/pl\/#website"},"primaryImageOfPage":{"@id":"https:\/\/shop.institut-mkral.co.uk\/pl\/produkt\/kurs-pmu-makijaz-permanentny-brwi\/#primaryimage"},"image":{"@id":"https:\/\/shop.institut-mkral.co.uk\/pl\/produkt\/kurs-pmu-makijaz-permanentny-brwi\/#primaryimage"},"thumbnailUrl":"https:\/\/shop.institut-mkral.co.uk\/wp-content\/uploads\/2024\/04\/13-1.png","datePublished":"2024-04-15T14:24:56+00:00","dateModified":"2025-09-30T17:31:23+00:00","breadcrumb":{"@id":"https:\/\/shop.institut-mkral.co.uk\/pl\/produkt\/kurs-pmu-makijaz-permanentny-brwi\/#breadcrumb"},"inLanguage":"pl-PL","potentialAction":[{"@type":"ReadAction","target":["https:\/\/shop.institut-mkral.co.uk\/pl\/produkt\/kurs-pmu-makijaz-permanentny-brwi\/"]}]},{"@type":"ImageObject","inLanguage":"pl-PL","@id":"https:\/\/shop.institut-mkral.co.uk\/pl\/produkt\/kurs-pmu-makijaz-permanentny-brwi\/#primaryimage","url":"https:\/\/shop.institut-mkral.co.uk\/wp-content\/uploads\/2024\/04\/13-1.png","contentUrl":"https:\/\/shop.institut-mkral.co.uk\/wp-content\/uploads\/2024\/04\/13-1.png","width":1000,"height":1000},{"@type":"BreadcrumbList","@id":"https:\/\/shop.institut-mkral.co.uk\/pl\/produkt\/kurs-pmu-makijaz-permanentny-brwi\/#breadcrumb","itemListElement":[{"@type":"ListItem","position":1,"name":"Home","item":"https:\/\/shop.institut-mkral.co.uk\/pl\/"},{"@type":"ListItem","position":2,"name":"Sklep","item":"https:\/\/shop.institut-mkral.co.uk\/pl\/sklep\/"},{"@type":"ListItem","position":3,"name":"Kurs PMU &#8211; Makija\u017c Permanentny Brwi"}]},{"@type":"WebSite","@id":"https:\/\/shop.institut-mkral.co.uk\/pl\/#website","url":"https:\/\/shop.institut-mkral.co.uk\/pl\/","name":"shop.institut-mkral.co.uk","description":"","potentialAction":[{"@type":"SearchAction","target":{"@type":"EntryPoint","urlTemplate":"https:\/\/shop.institut-mkral.co.uk\/pl\/?s={search_term_string}"},"query-input":{"@type":"PropertyValueSpecification","valueRequired":true,"valueName":"search_term_string"}}],"inLanguage":"pl-PL"}]}},"_links":{"self":[{"href":"https:\/\/shop.institut-mkral.co.uk\/pl\/wp-json\/wp\/v2\/product\/1935","targetHints":{"allow":["GET"]}}],"collection":[{"href":"https:\/\/shop.institut-mkral.co.uk\/pl\/wp-json\/wp\/v2\/product"}],"about":[{"href":"https:\/\/shop.institut-mkral.co.uk\/pl\/wp-json\/wp\/v2\/types\/product"}],"wp:featuredmedia":[{"embeddable":true,"href":"https:\/\/shop.institut-mkral.co.uk\/pl\/wp-json\/wp\/v2\/media\/1918"}],"wp:attachment":[{"href":"https:\/\/shop.institut-mkral.co.uk\/pl\/wp-json\/wp\/v2\/media?parent=1935"}],"wp:term":[{"taxonomy":"product_brand","embeddable":true,"href":"https:\/\/shop.institut-mkral.co.uk\/pl\/wp-json\/wp\/v2\/product_brand?post=1935"},{"taxonomy":"product_cat","embeddable":true,"href":"https:\/\/shop.institut-mkral.co.uk\/pl\/wp-json\/wp\/v2\/product_cat?post=1935"},{"taxonomy":"product_tag","embeddable":true,"href":"https:\/\/shop.institut-mkral.co.uk\/pl\/wp-json\/wp\/v2\/product_tag?post=1935"}],"curies":[{"name":"wp","href":"https:\/\/api.w.org\/{rel}","templated":true}]}}