{"id":1922,"date":"2024-04-15T14:01:46","date_gmt":"2024-04-15T14:01:46","guid":{"rendered":"https:\/\/shop.institut-mkral.co.uk\/product\/microblading\/"},"modified":"2025-09-30T17:32:12","modified_gmt":"2025-09-30T17:32:12","slug":"kurs-pmu-microblading-makijaz-permanentny-brwi","status":"publish","type":"product","link":"https:\/\/shop.institut-mkral.co.uk\/pl\/produkt\/kurs-pmu-microblading-makijaz-permanentny-brwi\/","title":{"rendered":"Kurs PMU Microblading &#8211; Makija\u017c Permanentny Brwi"},"content":{"rendered":"<p>CZYM JEST MICROBLADING?<\/p>\n<p>Microblading, czyli <strong>rekonstrukcja brwi metod\u0105 pi\u00f3rkow\u0105<\/strong>, to manualna technika makija\u017cu permanentnego brwi, kt\u00f3ra gwarantuje maksymalnie naturalny efekt.<\/p>\n<p>Dlaczego? Odpowied\u017a jest bardzo prosta!<\/p>\n<p>Makija\u017c permanentny brwi wykonany technik\u0105 <strong>microbladingu<\/strong> doskonale imituje naturalne w\u0142oski i pozwala nada\u0107 brwiom idealny kszta\u0142t.<\/p>\n<p>Od lat w pracy korzystam z techniki <strong>PhiBrows<\/strong> i uwielbiam j\u0105 za jej delikatno\u015b\u0107.<br \/>\n  Je\u015bli pracujesz jako linergistka, stylistka brwi lub chcia\u0142aby\u015b rozpocz\u0105\u0107 swoj\u0105 przygod\u0119 z makija\u017cem permanentnym i chcesz opanowa\u0107 technik\u0119 <strong>microbladingu<\/strong>, serdecznie zapraszam Ci\u0119 na <strong>3-dniowe szkolenie<\/strong>, po kt\u00f3rym b\u0119dziesz mog\u0142a \u015bmia\u0142o oferowa\u0107 now\u0105 us\u0142ug\u0119 i zdoby\u0107 nowy zaw\u00f3d.<br \/>\n  Szkolenie jest <strong>akredytowane przez ABT<\/strong>.<br \/>\n  Posiadam kwalifikacje trenerskie <strong>TQUK<\/strong>.<\/p>\n<p>Podczas tego kursu nauczysz si\u0119 tworzy\u0107 <strong>idealn\u0105 architektur\u0119 brwi<\/strong> za pomoc\u0105 microbladingu. Dowiesz si\u0119, jak przeprowadza\u0107 indywidualnie dobrane zabiegi, kt\u00f3re daj\u0105 naturalny efekt.<br \/>\n  Je\u015bli potrzebujesz wi\u0119cej informacji na temat szkolenia, skontaktuj si\u0119 z nami \u2013 ch\u0119tnie pomo\u017cemy.<\/p>\n","protected":false},"excerpt":{"rendered":"<p>Je\u015bli pracujesz jako linergistka, stylistka brwi lub dopiero chcesz rozpocz\u0105\u0107 swoj\u0105 przygod\u0119 z makija\u017cem permanentnym i chcesz opanowa\u0107 technik\u0119 microbladingu, zapraszam Ci\u0119 serdecznie na 3-dniowe szkolenie, po kt\u00f3rym b\u0119dziesz mog\u0142a \u015bmia\u0142o oferowa\u0107 now\u0105 us\u0142ug\u0119 i zdoby\u0107 nowy zaw\u00f3d.<\/p>\n","protected":false},"featured_media":1924,"template":"","meta":[],"product_brand":[],"product_cat":[68],"product_tag":[],"class_list":{"0":"post-1922","1":"product","2":"type-product","3":"status-publish","4":"has-post-thumbnail","6":"product_cat-bez-kategorii","8":"first","9":"instock","10":"virtual","11":"purchasable","12":"product-type-simple"},"yoast_head":"<!-- This site is optimized with the Yoast SEO plugin v27.5 - https:\/\/yoast.com\/product\/yoast-seo-wordpress\/ -->\n<title>Kurs PMU Microblading - Makija\u017c Permanentny Brwi - shop.institut-mkral.co.uk<\/title>\n<meta name=\"robots\" content=\"index, follow, max-snippet:-1, max-image-preview:large, max-video-preview:-1\" \/>\n<link rel=\"canonical\" href=\"https:\/\/shop.institut-mkral.co.uk\/pl\/produkt\/kurs-pmu-microblading-makijaz-permanentny-brwi\/\" \/>\n<meta property=\"og:locale\" content=\"pl_PL\" \/>\n<meta property=\"og:type\" content=\"article\" \/>\n<meta property=\"og:title\" content=\"Kurs PMU Microblading - Makija\u017c Permanentny Brwi - shop.institut-mkral.co.uk\" \/>\n<meta property=\"og:description\" content=\"Je\u015bli pracujesz jako linergistka, stylistka brwi lub dopiero chcesz rozpocz\u0105\u0107 swoj\u0105 przygod\u0119 z makija\u017cem permanentnym i chcesz opanowa\u0107 technik\u0119 microbladingu, zapraszam Ci\u0119 serdecznie na 3-dniowe szkolenie, po kt\u00f3rym b\u0119dziesz mog\u0142a \u015bmia\u0142o oferowa\u0107 now\u0105 us\u0142ug\u0119 i zdoby\u0107 nowy zaw\u00f3d.\" \/>\n<meta property=\"og:url\" content=\"https:\/\/shop.institut-mkral.co.uk\/pl\/produkt\/kurs-pmu-microblading-makijaz-permanentny-brwi\/\" \/>\n<meta property=\"og:site_name\" content=\"shop.institut-mkral.co.uk\" \/>\n<meta property=\"article:modified_time\" content=\"2025-09-30T17:32:12+00:00\" \/>\n<meta property=\"og:image\" content=\"https:\/\/shop.institut-mkral.co.uk\/wp-content\/uploads\/2024\/04\/18-1.png\" \/>\n\t<meta property=\"og:image:width\" content=\"1000\" \/>\n\t<meta property=\"og:image:height\" content=\"1000\" \/>\n\t<meta property=\"og:image:type\" content=\"image\/png\" \/>\n<meta name=\"twitter:card\" content=\"summary_large_image\" \/>\n<meta name=\"twitter:label1\" content=\"Szacowany czas czytania\" \/>\n\t<meta name=\"twitter:data1\" content=\"1 minuta\" \/>\n<script type=\"application\/ld+json\" class=\"yoast-schema-graph\">{\"@context\":\"https:\\\/\\\/schema.org\",\"@graph\":[{\"@type\":\"WebPage\",\"@id\":\"https:\\\/\\\/shop.institut-mkral.co.uk\\\/pl\\\/produkt\\\/kurs-pmu-microblading-makijaz-permanentny-brwi\\\/\",\"url\":\"https:\\\/\\\/shop.institut-mkral.co.uk\\\/pl\\\/produkt\\\/kurs-pmu-microblading-makijaz-permanentny-brwi\\\/\",\"name\":\"Kurs PMU Microblading - Makija\u017c Permanentny Brwi - shop.institut-mkral.co.uk\",\"isPartOf\":{\"@id\":\"https:\\\/\\\/shop.institut-mkral.co.uk\\\/pl\\\/#website\"},\"primaryImageOfPage\":{\"@id\":\"https:\\\/\\\/shop.institut-mkral.co.uk\\\/pl\\\/produkt\\\/kurs-pmu-microblading-makijaz-permanentny-brwi\\\/#primaryimage\"},\"image\":{\"@id\":\"https:\\\/\\\/shop.institut-mkral.co.uk\\\/pl\\\/produkt\\\/kurs-pmu-microblading-makijaz-permanentny-brwi\\\/#primaryimage\"},\"thumbnailUrl\":\"https:\\\/\\\/shop.institut-mkral.co.uk\\\/wp-content\\\/uploads\\\/2024\\\/04\\\/18-1.png\",\"datePublished\":\"2024-04-15T14:01:46+00:00\",\"dateModified\":\"2025-09-30T17:32:12+00:00\",\"breadcrumb\":{\"@id\":\"https:\\\/\\\/shop.institut-mkral.co.uk\\\/pl\\\/produkt\\\/kurs-pmu-microblading-makijaz-permanentny-brwi\\\/#breadcrumb\"},\"inLanguage\":\"pl-PL\",\"potentialAction\":[{\"@type\":\"ReadAction\",\"target\":[\"https:\\\/\\\/shop.institut-mkral.co.uk\\\/pl\\\/produkt\\\/kurs-pmu-microblading-makijaz-permanentny-brwi\\\/\"]}]},{\"@type\":\"ImageObject\",\"inLanguage\":\"pl-PL\",\"@id\":\"https:\\\/\\\/shop.institut-mkral.co.uk\\\/pl\\\/produkt\\\/kurs-pmu-microblading-makijaz-permanentny-brwi\\\/#primaryimage\",\"url\":\"https:\\\/\\\/shop.institut-mkral.co.uk\\\/wp-content\\\/uploads\\\/2024\\\/04\\\/18-1.png\",\"contentUrl\":\"https:\\\/\\\/shop.institut-mkral.co.uk\\\/wp-content\\\/uploads\\\/2024\\\/04\\\/18-1.png\",\"width\":1000,\"height\":1000},{\"@type\":\"BreadcrumbList\",\"@id\":\"https:\\\/\\\/shop.institut-mkral.co.uk\\\/pl\\\/produkt\\\/kurs-pmu-microblading-makijaz-permanentny-brwi\\\/#breadcrumb\",\"itemListElement\":[{\"@type\":\"ListItem\",\"position\":1,\"name\":\"Home\",\"item\":\"https:\\\/\\\/shop.institut-mkral.co.uk\\\/pl\\\/\"},{\"@type\":\"ListItem\",\"position\":2,\"name\":\"Sklep\",\"item\":\"https:\\\/\\\/shop.institut-mkral.co.uk\\\/pl\\\/sklep\\\/\"},{\"@type\":\"ListItem\",\"position\":3,\"name\":\"Kurs PMU Microblading &#8211; Makija\u017c Permanentny Brwi\"}]},{\"@type\":\"WebSite\",\"@id\":\"https:\\\/\\\/shop.institut-mkral.co.uk\\\/pl\\\/#website\",\"url\":\"https:\\\/\\\/shop.institut-mkral.co.uk\\\/pl\\\/\",\"name\":\"shop.institut-mkral.co.uk\",\"description\":\"\",\"potentialAction\":[{\"@type\":\"SearchAction\",\"target\":{\"@type\":\"EntryPoint\",\"urlTemplate\":\"https:\\\/\\\/shop.institut-mkral.co.uk\\\/pl\\\/?s={search_term_string}\"},\"query-input\":{\"@type\":\"PropertyValueSpecification\",\"valueRequired\":true,\"valueName\":\"search_term_string\"}}],\"inLanguage\":\"pl-PL\"}]}<\/script>\n<!-- \/ Yoast SEO plugin. -->","yoast_head_json":{"title":"Kurs PMU Microblading - Makija\u017c Permanentny Brwi - shop.institut-mkral.co.uk","robots":{"index":"index","follow":"follow","max-snippet":"max-snippet:-1","max-image-preview":"max-image-preview:large","max-video-preview":"max-video-preview:-1"},"canonical":"https:\/\/shop.institut-mkral.co.uk\/pl\/produkt\/kurs-pmu-microblading-makijaz-permanentny-brwi\/","og_locale":"pl_PL","og_type":"article","og_title":"Kurs PMU Microblading - Makija\u017c Permanentny Brwi - shop.institut-mkral.co.uk","og_description":"Je\u015bli pracujesz jako linergistka, stylistka brwi lub dopiero chcesz rozpocz\u0105\u0107 swoj\u0105 przygod\u0119 z makija\u017cem permanentnym i chcesz opanowa\u0107 technik\u0119 microbladingu, zapraszam Ci\u0119 serdecznie na 3-dniowe szkolenie, po kt\u00f3rym b\u0119dziesz mog\u0142a \u015bmia\u0142o oferowa\u0107 now\u0105 us\u0142ug\u0119 i zdoby\u0107 nowy zaw\u00f3d.","og_url":"https:\/\/shop.institut-mkral.co.uk\/pl\/produkt\/kurs-pmu-microblading-makijaz-permanentny-brwi\/","og_site_name":"shop.institut-mkral.co.uk","article_modified_time":"2025-09-30T17:32:12+00:00","og_image":[{"width":1000,"height":1000,"url":"https:\/\/shop.institut-mkral.co.uk\/wp-content\/uploads\/2024\/04\/18-1.png","type":"image\/png"}],"twitter_card":"summary_large_image","twitter_misc":{"Szacowany czas czytania":"1 minuta"},"schema":{"@context":"https:\/\/schema.org","@graph":[{"@type":"WebPage","@id":"https:\/\/shop.institut-mkral.co.uk\/pl\/produkt\/kurs-pmu-microblading-makijaz-permanentny-brwi\/","url":"https:\/\/shop.institut-mkral.co.uk\/pl\/produkt\/kurs-pmu-microblading-makijaz-permanentny-brwi\/","name":"Kurs PMU Microblading - Makija\u017c Permanentny Brwi - shop.institut-mkral.co.uk","isPartOf":{"@id":"https:\/\/shop.institut-mkral.co.uk\/pl\/#website"},"primaryImageOfPage":{"@id":"https:\/\/shop.institut-mkral.co.uk\/pl\/produkt\/kurs-pmu-microblading-makijaz-permanentny-brwi\/#primaryimage"},"image":{"@id":"https:\/\/shop.institut-mkral.co.uk\/pl\/produkt\/kurs-pmu-microblading-makijaz-permanentny-brwi\/#primaryimage"},"thumbnailUrl":"https:\/\/shop.institut-mkral.co.uk\/wp-content\/uploads\/2024\/04\/18-1.png","datePublished":"2024-04-15T14:01:46+00:00","dateModified":"2025-09-30T17:32:12+00:00","breadcrumb":{"@id":"https:\/\/shop.institut-mkral.co.uk\/pl\/produkt\/kurs-pmu-microblading-makijaz-permanentny-brwi\/#breadcrumb"},"inLanguage":"pl-PL","potentialAction":[{"@type":"ReadAction","target":["https:\/\/shop.institut-mkral.co.uk\/pl\/produkt\/kurs-pmu-microblading-makijaz-permanentny-brwi\/"]}]},{"@type":"ImageObject","inLanguage":"pl-PL","@id":"https:\/\/shop.institut-mkral.co.uk\/pl\/produkt\/kurs-pmu-microblading-makijaz-permanentny-brwi\/#primaryimage","url":"https:\/\/shop.institut-mkral.co.uk\/wp-content\/uploads\/2024\/04\/18-1.png","contentUrl":"https:\/\/shop.institut-mkral.co.uk\/wp-content\/uploads\/2024\/04\/18-1.png","width":1000,"height":1000},{"@type":"BreadcrumbList","@id":"https:\/\/shop.institut-mkral.co.uk\/pl\/produkt\/kurs-pmu-microblading-makijaz-permanentny-brwi\/#breadcrumb","itemListElement":[{"@type":"ListItem","position":1,"name":"Home","item":"https:\/\/shop.institut-mkral.co.uk\/pl\/"},{"@type":"ListItem","position":2,"name":"Sklep","item":"https:\/\/shop.institut-mkral.co.uk\/pl\/sklep\/"},{"@type":"ListItem","position":3,"name":"Kurs PMU Microblading &#8211; Makija\u017c Permanentny Brwi"}]},{"@type":"WebSite","@id":"https:\/\/shop.institut-mkral.co.uk\/pl\/#website","url":"https:\/\/shop.institut-mkral.co.uk\/pl\/","name":"shop.institut-mkral.co.uk","description":"","potentialAction":[{"@type":"SearchAction","target":{"@type":"EntryPoint","urlTemplate":"https:\/\/shop.institut-mkral.co.uk\/pl\/?s={search_term_string}"},"query-input":{"@type":"PropertyValueSpecification","valueRequired":true,"valueName":"search_term_string"}}],"inLanguage":"pl-PL"}]}},"_links":{"self":[{"href":"https:\/\/shop.institut-mkral.co.uk\/pl\/wp-json\/wp\/v2\/product\/1922","targetHints":{"allow":["GET"]}}],"collection":[{"href":"https:\/\/shop.institut-mkral.co.uk\/pl\/wp-json\/wp\/v2\/product"}],"about":[{"href":"https:\/\/shop.institut-mkral.co.uk\/pl\/wp-json\/wp\/v2\/types\/product"}],"wp:featuredmedia":[{"embeddable":true,"href":"https:\/\/shop.institut-mkral.co.uk\/pl\/wp-json\/wp\/v2\/media\/1924"}],"wp:attachment":[{"href":"https:\/\/shop.institut-mkral.co.uk\/pl\/wp-json\/wp\/v2\/media?parent=1922"}],"wp:term":[{"taxonomy":"product_brand","embeddable":true,"href":"https:\/\/shop.institut-mkral.co.uk\/pl\/wp-json\/wp\/v2\/product_brand?post=1922"},{"taxonomy":"product_cat","embeddable":true,"href":"https:\/\/shop.institut-mkral.co.uk\/pl\/wp-json\/wp\/v2\/product_cat?post=1922"},{"taxonomy":"product_tag","embeddable":true,"href":"https:\/\/shop.institut-mkral.co.uk\/pl\/wp-json\/wp\/v2\/product_tag?post=1922"}],"curies":[{"name":"wp","href":"https:\/\/api.w.org\/{rel}","templated":true}]}}