{"id":1921,"date":"2024-04-22T19:24:25","date_gmt":"2024-04-22T19:24:25","guid":{"rendered":"https:\/\/shop.institut-mkral.co.uk\/product\/pmu-brows-2\/"},"modified":"2025-09-30T17:24:02","modified_gmt":"2025-09-30T17:24:02","slug":"pmu-makijaz-permanentny-brwi","status":"publish","type":"product","link":"https:\/\/shop.institut-mkral.co.uk\/pl\/produkt\/pmu-makijaz-permanentny-brwi\/","title":{"rendered":"PMU \u2013 Makija\u017c Permanentny Brwi"},"content":{"rendered":"<p>Zabieg \/ Us\u0142uga Makija\u017c  permanentny Brwi  to idealne rozwi\u0105zanie dla os\u00f3b, kt\u00f3re chc\u0105 podkre\u015bli\u0107 naturalny kszta\u0142t brwi, zwi\u0119kszy\u0107 ich g\u0119sto\u015b\u0107 i uzyska\u0107 perfekcyjny efekt ka\u017cdego dnia.<\/p>\n<p>W naszym salonie oferujemy trzy popularne metody:<\/p>\n<ul>\n<li>Ombre \u2013 delikatny, cieniowany efekt, kt\u00f3ry nadaje brwiom mi\u0119kko\u015bci i subtelnej g\u0142\u0119bi;<\/li>\n<li>Hairstroke \u2013 technika imituj\u0105ca pojedyncze w\u0142oski dla naturalnego, realistycznego wygl\u0105du; wykonana technik\u0105 maszynow\u0105<\/li>\n<li>Microblading \u2013 precyzyjne naci\u0119cia pigmentem tworz\u0105ce realistyczne kreski, idealne dla os\u00f3b z rzadkimi brwiami, ta metoda jest wykonana technik\u0105 i pigmentami PhiBrows\u2019s<\/li>\n<\/ul>\n<p>Nasze zabiegi wykonujemy przy u\u017cyciu najwy\u017cszej jako\u015bci pigment\u00f3w i sterylnych narz\u0119dzi, dzi\u0119ki czemu efekt jest trwa\u0142y i naturalny. Permanentne brwi podkre\u015blaj\u0105 spojrzenie, oszcz\u0119dzaj\u0105 czas na codzienny makija\u017c i zapewniaj\u0105 pi\u0119kny wygl\u0105d przez wiele miesi\u0119cy.<\/p>\n","protected":false},"excerpt":{"rendered":"<p>Zabieg \/ Us\u0142uga Permanentny Makija\u017c Brwi  \u2013 Ombre, Hairstroke, Microblading<br \/>\nBrwi Pudrowe Leeds \u2013 subtelny, naturalny efekt cieniowania, pe\u0142niejsze i wyraziste brwi bez codziennego makija\u017cu. Trwa\u0142y i elegancki rezultat.<\/p>\n","protected":false},"featured_media":1914,"template":"","meta":[],"product_brand":[],"product_cat":[69],"product_tag":[],"class_list":{"0":"post-1921","1":"product","2":"type-product","3":"status-publish","4":"has-post-thumbnail","6":"product_cat-services","8":"first","9":"instock","10":"virtual","11":"purchasable","12":"product-type-simple"},"yoast_head":"<!-- This site is optimized with the Yoast SEO plugin v27.5 - https:\/\/yoast.com\/product\/yoast-seo-wordpress\/ -->\n<title>PMU \u2013 Makija\u017c Permanentny Brwi - shop.institut-mkral.co.uk<\/title>\n<meta name=\"robots\" content=\"index, follow, max-snippet:-1, max-image-preview:large, max-video-preview:-1\" \/>\n<link rel=\"canonical\" href=\"https:\/\/shop.institut-mkral.co.uk\/pl\/produkt\/pmu-makijaz-permanentny-brwi\/\" \/>\n<meta property=\"og:locale\" content=\"pl_PL\" \/>\n<meta property=\"og:type\" content=\"article\" \/>\n<meta property=\"og:title\" content=\"PMU \u2013 Makija\u017c Permanentny Brwi - shop.institut-mkral.co.uk\" \/>\n<meta property=\"og:description\" content=\"Zabieg \/ Us\u0142uga Permanentny Makija\u017c Brwi \u2013 Ombre, Hairstroke, Microblading  Brwi Pudrowe Leeds \u2013 subtelny, naturalny efekt cieniowania, pe\u0142niejsze i wyraziste brwi bez codziennego makija\u017cu. Trwa\u0142y i elegancki rezultat.\" \/>\n<meta property=\"og:url\" content=\"https:\/\/shop.institut-mkral.co.uk\/pl\/produkt\/pmu-makijaz-permanentny-brwi\/\" \/>\n<meta property=\"og:site_name\" content=\"shop.institut-mkral.co.uk\" \/>\n<meta property=\"article:modified_time\" content=\"2025-09-30T17:24:02+00:00\" \/>\n<meta property=\"og:image\" content=\"https:\/\/shop.institut-mkral.co.uk\/wp-content\/uploads\/2024\/04\/14-1.png\" \/>\n\t<meta property=\"og:image:width\" content=\"1000\" \/>\n\t<meta property=\"og:image:height\" content=\"1000\" \/>\n\t<meta property=\"og:image:type\" content=\"image\/png\" \/>\n<meta name=\"twitter:card\" content=\"summary_large_image\" \/>\n<meta name=\"twitter:label1\" content=\"Szacowany czas czytania\" \/>\n\t<meta name=\"twitter:data1\" content=\"1 minuta\" \/>\n<script type=\"application\/ld+json\" class=\"yoast-schema-graph\">{\"@context\":\"https:\\\/\\\/schema.org\",\"@graph\":[{\"@type\":\"WebPage\",\"@id\":\"https:\\\/\\\/shop.institut-mkral.co.uk\\\/pl\\\/produkt\\\/pmu-makijaz-permanentny-brwi\\\/\",\"url\":\"https:\\\/\\\/shop.institut-mkral.co.uk\\\/pl\\\/produkt\\\/pmu-makijaz-permanentny-brwi\\\/\",\"name\":\"PMU \u2013 Makija\u017c Permanentny Brwi - shop.institut-mkral.co.uk\",\"isPartOf\":{\"@id\":\"https:\\\/\\\/shop.institut-mkral.co.uk\\\/pl\\\/#website\"},\"primaryImageOfPage\":{\"@id\":\"https:\\\/\\\/shop.institut-mkral.co.uk\\\/pl\\\/produkt\\\/pmu-makijaz-permanentny-brwi\\\/#primaryimage\"},\"image\":{\"@id\":\"https:\\\/\\\/shop.institut-mkral.co.uk\\\/pl\\\/produkt\\\/pmu-makijaz-permanentny-brwi\\\/#primaryimage\"},\"thumbnailUrl\":\"https:\\\/\\\/shop.institut-mkral.co.uk\\\/wp-content\\\/uploads\\\/2024\\\/04\\\/14-1.png\",\"datePublished\":\"2024-04-22T19:24:25+00:00\",\"dateModified\":\"2025-09-30T17:24:02+00:00\",\"breadcrumb\":{\"@id\":\"https:\\\/\\\/shop.institut-mkral.co.uk\\\/pl\\\/produkt\\\/pmu-makijaz-permanentny-brwi\\\/#breadcrumb\"},\"inLanguage\":\"pl-PL\",\"potentialAction\":[{\"@type\":\"ReadAction\",\"target\":[\"https:\\\/\\\/shop.institut-mkral.co.uk\\\/pl\\\/produkt\\\/pmu-makijaz-permanentny-brwi\\\/\"]}]},{\"@type\":\"ImageObject\",\"inLanguage\":\"pl-PL\",\"@id\":\"https:\\\/\\\/shop.institut-mkral.co.uk\\\/pl\\\/produkt\\\/pmu-makijaz-permanentny-brwi\\\/#primaryimage\",\"url\":\"https:\\\/\\\/shop.institut-mkral.co.uk\\\/wp-content\\\/uploads\\\/2024\\\/04\\\/14-1.png\",\"contentUrl\":\"https:\\\/\\\/shop.institut-mkral.co.uk\\\/wp-content\\\/uploads\\\/2024\\\/04\\\/14-1.png\",\"width\":1000,\"height\":1000},{\"@type\":\"BreadcrumbList\",\"@id\":\"https:\\\/\\\/shop.institut-mkral.co.uk\\\/pl\\\/produkt\\\/pmu-makijaz-permanentny-brwi\\\/#breadcrumb\",\"itemListElement\":[{\"@type\":\"ListItem\",\"position\":1,\"name\":\"Home\",\"item\":\"https:\\\/\\\/shop.institut-mkral.co.uk\\\/pl\\\/\"},{\"@type\":\"ListItem\",\"position\":2,\"name\":\"Sklep\",\"item\":\"https:\\\/\\\/shop.institut-mkral.co.uk\\\/pl\\\/sklep\\\/\"},{\"@type\":\"ListItem\",\"position\":3,\"name\":\"PMU \u2013 Makija\u017c Permanentny Brwi\"}]},{\"@type\":\"WebSite\",\"@id\":\"https:\\\/\\\/shop.institut-mkral.co.uk\\\/pl\\\/#website\",\"url\":\"https:\\\/\\\/shop.institut-mkral.co.uk\\\/pl\\\/\",\"name\":\"shop.institut-mkral.co.uk\",\"description\":\"\",\"potentialAction\":[{\"@type\":\"SearchAction\",\"target\":{\"@type\":\"EntryPoint\",\"urlTemplate\":\"https:\\\/\\\/shop.institut-mkral.co.uk\\\/pl\\\/?s={search_term_string}\"},\"query-input\":{\"@type\":\"PropertyValueSpecification\",\"valueRequired\":true,\"valueName\":\"search_term_string\"}}],\"inLanguage\":\"pl-PL\"}]}<\/script>\n<!-- \/ Yoast SEO plugin. -->","yoast_head_json":{"title":"PMU \u2013 Makija\u017c Permanentny Brwi - shop.institut-mkral.co.uk","robots":{"index":"index","follow":"follow","max-snippet":"max-snippet:-1","max-image-preview":"max-image-preview:large","max-video-preview":"max-video-preview:-1"},"canonical":"https:\/\/shop.institut-mkral.co.uk\/pl\/produkt\/pmu-makijaz-permanentny-brwi\/","og_locale":"pl_PL","og_type":"article","og_title":"PMU \u2013 Makija\u017c Permanentny Brwi - shop.institut-mkral.co.uk","og_description":"Zabieg \/ Us\u0142uga Permanentny Makija\u017c Brwi \u2013 Ombre, Hairstroke, Microblading  Brwi Pudrowe Leeds \u2013 subtelny, naturalny efekt cieniowania, pe\u0142niejsze i wyraziste brwi bez codziennego makija\u017cu. Trwa\u0142y i elegancki rezultat.","og_url":"https:\/\/shop.institut-mkral.co.uk\/pl\/produkt\/pmu-makijaz-permanentny-brwi\/","og_site_name":"shop.institut-mkral.co.uk","article_modified_time":"2025-09-30T17:24:02+00:00","og_image":[{"width":1000,"height":1000,"url":"https:\/\/shop.institut-mkral.co.uk\/wp-content\/uploads\/2024\/04\/14-1.png","type":"image\/png"}],"twitter_card":"summary_large_image","twitter_misc":{"Szacowany czas czytania":"1 minuta"},"schema":{"@context":"https:\/\/schema.org","@graph":[{"@type":"WebPage","@id":"https:\/\/shop.institut-mkral.co.uk\/pl\/produkt\/pmu-makijaz-permanentny-brwi\/","url":"https:\/\/shop.institut-mkral.co.uk\/pl\/produkt\/pmu-makijaz-permanentny-brwi\/","name":"PMU \u2013 Makija\u017c Permanentny Brwi - shop.institut-mkral.co.uk","isPartOf":{"@id":"https:\/\/shop.institut-mkral.co.uk\/pl\/#website"},"primaryImageOfPage":{"@id":"https:\/\/shop.institut-mkral.co.uk\/pl\/produkt\/pmu-makijaz-permanentny-brwi\/#primaryimage"},"image":{"@id":"https:\/\/shop.institut-mkral.co.uk\/pl\/produkt\/pmu-makijaz-permanentny-brwi\/#primaryimage"},"thumbnailUrl":"https:\/\/shop.institut-mkral.co.uk\/wp-content\/uploads\/2024\/04\/14-1.png","datePublished":"2024-04-22T19:24:25+00:00","dateModified":"2025-09-30T17:24:02+00:00","breadcrumb":{"@id":"https:\/\/shop.institut-mkral.co.uk\/pl\/produkt\/pmu-makijaz-permanentny-brwi\/#breadcrumb"},"inLanguage":"pl-PL","potentialAction":[{"@type":"ReadAction","target":["https:\/\/shop.institut-mkral.co.uk\/pl\/produkt\/pmu-makijaz-permanentny-brwi\/"]}]},{"@type":"ImageObject","inLanguage":"pl-PL","@id":"https:\/\/shop.institut-mkral.co.uk\/pl\/produkt\/pmu-makijaz-permanentny-brwi\/#primaryimage","url":"https:\/\/shop.institut-mkral.co.uk\/wp-content\/uploads\/2024\/04\/14-1.png","contentUrl":"https:\/\/shop.institut-mkral.co.uk\/wp-content\/uploads\/2024\/04\/14-1.png","width":1000,"height":1000},{"@type":"BreadcrumbList","@id":"https:\/\/shop.institut-mkral.co.uk\/pl\/produkt\/pmu-makijaz-permanentny-brwi\/#breadcrumb","itemListElement":[{"@type":"ListItem","position":1,"name":"Home","item":"https:\/\/shop.institut-mkral.co.uk\/pl\/"},{"@type":"ListItem","position":2,"name":"Sklep","item":"https:\/\/shop.institut-mkral.co.uk\/pl\/sklep\/"},{"@type":"ListItem","position":3,"name":"PMU \u2013 Makija\u017c Permanentny Brwi"}]},{"@type":"WebSite","@id":"https:\/\/shop.institut-mkral.co.uk\/pl\/#website","url":"https:\/\/shop.institut-mkral.co.uk\/pl\/","name":"shop.institut-mkral.co.uk","description":"","potentialAction":[{"@type":"SearchAction","target":{"@type":"EntryPoint","urlTemplate":"https:\/\/shop.institut-mkral.co.uk\/pl\/?s={search_term_string}"},"query-input":{"@type":"PropertyValueSpecification","valueRequired":true,"valueName":"search_term_string"}}],"inLanguage":"pl-PL"}]}},"_links":{"self":[{"href":"https:\/\/shop.institut-mkral.co.uk\/pl\/wp-json\/wp\/v2\/product\/1921","targetHints":{"allow":["GET"]}}],"collection":[{"href":"https:\/\/shop.institut-mkral.co.uk\/pl\/wp-json\/wp\/v2\/product"}],"about":[{"href":"https:\/\/shop.institut-mkral.co.uk\/pl\/wp-json\/wp\/v2\/types\/product"}],"wp:featuredmedia":[{"embeddable":true,"href":"https:\/\/shop.institut-mkral.co.uk\/pl\/wp-json\/wp\/v2\/media\/1914"}],"wp:attachment":[{"href":"https:\/\/shop.institut-mkral.co.uk\/pl\/wp-json\/wp\/v2\/media?parent=1921"}],"wp:term":[{"taxonomy":"product_brand","embeddable":true,"href":"https:\/\/shop.institut-mkral.co.uk\/pl\/wp-json\/wp\/v2\/product_brand?post=1921"},{"taxonomy":"product_cat","embeddable":true,"href":"https:\/\/shop.institut-mkral.co.uk\/pl\/wp-json\/wp\/v2\/product_cat?post=1921"},{"taxonomy":"product_tag","embeddable":true,"href":"https:\/\/shop.institut-mkral.co.uk\/pl\/wp-json\/wp\/v2\/product_tag?post=1921"}],"curies":[{"name":"wp","href":"https:\/\/api.w.org\/{rel}","templated":true}]}}