{"id":1905,"date":"2024-04-15T15:39:12","date_gmt":"2024-04-15T15:39:12","guid":{"rendered":"https:\/\/shop.institut-mkral.co.uk\/product\/pmu-basic-full-face-training-eyebrows-lips-eyeliner\/"},"modified":"2025-09-30T15:43:31","modified_gmt":"2025-09-30T15:43:31","slug":"kurs-pmu-basic-full-face-brwi-usta-eyeliner","status":"publish","type":"product","link":"https:\/\/shop.institut-mkral.co.uk\/pl\/produkt\/kurs-pmu-basic-full-face-brwi-usta-eyeliner\/","title":{"rendered":"Kurs PMU &#8211; Basic Full Face: Brwi + Usta + Eyeliner"},"content":{"rendered":"<p>Rozwijaj swoje umiej\u0119tno\u015bci w zakresie mikropigmentacji, opieraj\u0105c si\u0119 na bogatej wiedzy i do\u015bwiadczeniu trenera.<br \/>\nKurs obejmuje:<br \/>\n&#8211; anatomi\u0119 i fizjologi\u0119<br \/>\n&#8211; teori\u0119 kolor\u00f3w<br \/>\n&#8211; typy sk\u00f3ry i odcienie<br \/>\n&#8211; rodzaje pigment\u00f3w<br \/>\n&#8211; geometri\u0119<br \/>\n&#8211; prac\u0119 na r\u00f3\u017cnych maszynach<br \/>\n&#8211; szczeg\u00f3\u0142ow\u0105 teori\u0119 i praktyk\u0119 dotycz\u0105c\u0105 igie\u0142 w PMU<br \/>\n&#8211; podstawowe b\u0142\u0119dy pocz\u0105tkuj\u0105cych w PMU<br \/>\n&#8211; \u0107wiczenia na sztucznej sk\u00f3rze, praktyk\u0119 na modelkach zapewnianych przeze mnie<br \/>\n&#8211; skrypt szkoleniowy \u2013 zapewniam materia\u0142y, w tym brzytw\u0119<br \/>\n&#8211; procedury zabiegowe, nauk\u0119 doradzania klientowi w zakresie odpowiedniej piel\u0119gnacji pozabiegowej<br \/>\n&#8211; przeciwwskazania<br \/>\n&#8211; wymagania prawne<br \/>\n&#8211; pomoc poszkoleniow\u0105<br \/>\n&#8211; akredytowany certyfikat<br \/>\nJe\u015bli potrzebujesz wi\u0119cej informacji o tym kursie, skontaktuj si\u0119 z nami \u2013 ch\u0119tnie pomo\u017cemy. Akredytacja ABT.<\/p>\n<p>Szkolenie 6-dniowe 1:1<\/p>\n","protected":false},"excerpt":{"rendered":"<p>Szkolenie od podstaw dla os\u00f3b, kt\u00f3re chc\u0105 rozpocz\u0105\u0107 swoj\u0105 przygod\u0119 w nowym zawodzie linergisty i pigmentowa\u0107 brwi, usta oraz eyeliner.<\/p>\n","protected":false},"featured_media":1906,"template":"","meta":[],"product_brand":[],"product_cat":[68],"product_tag":[],"class_list":{"0":"post-1905","1":"product","2":"type-product","3":"status-publish","4":"has-post-thumbnail","6":"product_cat-bez-kategorii","8":"first","9":"instock","10":"shipping-taxable","11":"purchasable","12":"product-type-simple"},"yoast_head":"<!-- This site is optimized with the Yoast SEO plugin v27.5 - https:\/\/yoast.com\/product\/yoast-seo-wordpress\/ -->\n<title>Kurs PMU - Basic Full Face: Brwi + Usta + Eyeliner - shop.institut-mkral.co.uk<\/title>\n<meta name=\"robots\" content=\"index, follow, max-snippet:-1, max-image-preview:large, max-video-preview:-1\" \/>\n<link rel=\"canonical\" href=\"https:\/\/shop.institut-mkral.co.uk\/pl\/produkt\/kurs-pmu-basic-full-face-brwi-usta-eyeliner\/\" \/>\n<meta property=\"og:locale\" content=\"pl_PL\" \/>\n<meta property=\"og:type\" content=\"article\" \/>\n<meta property=\"og:title\" content=\"Kurs PMU - Basic Full Face: Brwi + Usta + Eyeliner - shop.institut-mkral.co.uk\" \/>\n<meta property=\"og:description\" content=\"Szkolenie od podstaw dla os\u00f3b, kt\u00f3re chc\u0105 rozpocz\u0105\u0107 swoj\u0105 przygod\u0119 w nowym zawodzie linergisty i pigmentowa\u0107 brwi, usta oraz eyeliner.\" \/>\n<meta property=\"og:url\" content=\"https:\/\/shop.institut-mkral.co.uk\/pl\/produkt\/kurs-pmu-basic-full-face-brwi-usta-eyeliner\/\" \/>\n<meta property=\"og:site_name\" content=\"shop.institut-mkral.co.uk\" \/>\n<meta property=\"article:modified_time\" content=\"2025-09-30T15:43:31+00:00\" \/>\n<meta property=\"og:image\" content=\"https:\/\/shop.institut-mkral.co.uk\/wp-content\/uploads\/2024\/04\/32-1.png\" \/>\n\t<meta property=\"og:image:width\" content=\"1000\" \/>\n\t<meta property=\"og:image:height\" content=\"1000\" \/>\n\t<meta property=\"og:image:type\" content=\"image\/png\" \/>\n<meta name=\"twitter:card\" content=\"summary_large_image\" \/>\n<meta name=\"twitter:label1\" content=\"Szacowany czas czytania\" \/>\n\t<meta name=\"twitter:data1\" content=\"1 minuta\" \/>\n<script type=\"application\/ld+json\" class=\"yoast-schema-graph\">{\"@context\":\"https:\\\/\\\/schema.org\",\"@graph\":[{\"@type\":\"WebPage\",\"@id\":\"https:\\\/\\\/shop.institut-mkral.co.uk\\\/pl\\\/produkt\\\/kurs-pmu-basic-full-face-brwi-usta-eyeliner\\\/\",\"url\":\"https:\\\/\\\/shop.institut-mkral.co.uk\\\/pl\\\/produkt\\\/kurs-pmu-basic-full-face-brwi-usta-eyeliner\\\/\",\"name\":\"Kurs PMU - Basic Full Face: Brwi + Usta + Eyeliner - shop.institut-mkral.co.uk\",\"isPartOf\":{\"@id\":\"https:\\\/\\\/shop.institut-mkral.co.uk\\\/pl\\\/#website\"},\"primaryImageOfPage\":{\"@id\":\"https:\\\/\\\/shop.institut-mkral.co.uk\\\/pl\\\/produkt\\\/kurs-pmu-basic-full-face-brwi-usta-eyeliner\\\/#primaryimage\"},\"image\":{\"@id\":\"https:\\\/\\\/shop.institut-mkral.co.uk\\\/pl\\\/produkt\\\/kurs-pmu-basic-full-face-brwi-usta-eyeliner\\\/#primaryimage\"},\"thumbnailUrl\":\"https:\\\/\\\/shop.institut-mkral.co.uk\\\/wp-content\\\/uploads\\\/2024\\\/04\\\/32-1.png\",\"datePublished\":\"2024-04-15T15:39:12+00:00\",\"dateModified\":\"2025-09-30T15:43:31+00:00\",\"breadcrumb\":{\"@id\":\"https:\\\/\\\/shop.institut-mkral.co.uk\\\/pl\\\/produkt\\\/kurs-pmu-basic-full-face-brwi-usta-eyeliner\\\/#breadcrumb\"},\"inLanguage\":\"pl-PL\",\"potentialAction\":[{\"@type\":\"ReadAction\",\"target\":[\"https:\\\/\\\/shop.institut-mkral.co.uk\\\/pl\\\/produkt\\\/kurs-pmu-basic-full-face-brwi-usta-eyeliner\\\/\"]}]},{\"@type\":\"ImageObject\",\"inLanguage\":\"pl-PL\",\"@id\":\"https:\\\/\\\/shop.institut-mkral.co.uk\\\/pl\\\/produkt\\\/kurs-pmu-basic-full-face-brwi-usta-eyeliner\\\/#primaryimage\",\"url\":\"https:\\\/\\\/shop.institut-mkral.co.uk\\\/wp-content\\\/uploads\\\/2024\\\/04\\\/32-1.png\",\"contentUrl\":\"https:\\\/\\\/shop.institut-mkral.co.uk\\\/wp-content\\\/uploads\\\/2024\\\/04\\\/32-1.png\",\"width\":1000,\"height\":1000},{\"@type\":\"BreadcrumbList\",\"@id\":\"https:\\\/\\\/shop.institut-mkral.co.uk\\\/pl\\\/produkt\\\/kurs-pmu-basic-full-face-brwi-usta-eyeliner\\\/#breadcrumb\",\"itemListElement\":[{\"@type\":\"ListItem\",\"position\":1,\"name\":\"Home\",\"item\":\"https:\\\/\\\/shop.institut-mkral.co.uk\\\/pl\\\/\"},{\"@type\":\"ListItem\",\"position\":2,\"name\":\"Sklep\",\"item\":\"https:\\\/\\\/shop.institut-mkral.co.uk\\\/pl\\\/sklep\\\/\"},{\"@type\":\"ListItem\",\"position\":3,\"name\":\"Kurs PMU &#8211; Basic Full Face: Brwi + Usta + Eyeliner\"}]},{\"@type\":\"WebSite\",\"@id\":\"https:\\\/\\\/shop.institut-mkral.co.uk\\\/pl\\\/#website\",\"url\":\"https:\\\/\\\/shop.institut-mkral.co.uk\\\/pl\\\/\",\"name\":\"shop.institut-mkral.co.uk\",\"description\":\"\",\"potentialAction\":[{\"@type\":\"SearchAction\",\"target\":{\"@type\":\"EntryPoint\",\"urlTemplate\":\"https:\\\/\\\/shop.institut-mkral.co.uk\\\/pl\\\/?s={search_term_string}\"},\"query-input\":{\"@type\":\"PropertyValueSpecification\",\"valueRequired\":true,\"valueName\":\"search_term_string\"}}],\"inLanguage\":\"pl-PL\"}]}<\/script>\n<!-- \/ Yoast SEO plugin. -->","yoast_head_json":{"title":"Kurs PMU - Basic Full Face: Brwi + Usta + Eyeliner - shop.institut-mkral.co.uk","robots":{"index":"index","follow":"follow","max-snippet":"max-snippet:-1","max-image-preview":"max-image-preview:large","max-video-preview":"max-video-preview:-1"},"canonical":"https:\/\/shop.institut-mkral.co.uk\/pl\/produkt\/kurs-pmu-basic-full-face-brwi-usta-eyeliner\/","og_locale":"pl_PL","og_type":"article","og_title":"Kurs PMU - Basic Full Face: Brwi + Usta + Eyeliner - shop.institut-mkral.co.uk","og_description":"Szkolenie od podstaw dla os\u00f3b, kt\u00f3re chc\u0105 rozpocz\u0105\u0107 swoj\u0105 przygod\u0119 w nowym zawodzie linergisty i pigmentowa\u0107 brwi, usta oraz eyeliner.","og_url":"https:\/\/shop.institut-mkral.co.uk\/pl\/produkt\/kurs-pmu-basic-full-face-brwi-usta-eyeliner\/","og_site_name":"shop.institut-mkral.co.uk","article_modified_time":"2025-09-30T15:43:31+00:00","og_image":[{"width":1000,"height":1000,"url":"https:\/\/shop.institut-mkral.co.uk\/wp-content\/uploads\/2024\/04\/32-1.png","type":"image\/png"}],"twitter_card":"summary_large_image","twitter_misc":{"Szacowany czas czytania":"1 minuta"},"schema":{"@context":"https:\/\/schema.org","@graph":[{"@type":"WebPage","@id":"https:\/\/shop.institut-mkral.co.uk\/pl\/produkt\/kurs-pmu-basic-full-face-brwi-usta-eyeliner\/","url":"https:\/\/shop.institut-mkral.co.uk\/pl\/produkt\/kurs-pmu-basic-full-face-brwi-usta-eyeliner\/","name":"Kurs PMU - Basic Full Face: Brwi + Usta + Eyeliner - shop.institut-mkral.co.uk","isPartOf":{"@id":"https:\/\/shop.institut-mkral.co.uk\/pl\/#website"},"primaryImageOfPage":{"@id":"https:\/\/shop.institut-mkral.co.uk\/pl\/produkt\/kurs-pmu-basic-full-face-brwi-usta-eyeliner\/#primaryimage"},"image":{"@id":"https:\/\/shop.institut-mkral.co.uk\/pl\/produkt\/kurs-pmu-basic-full-face-brwi-usta-eyeliner\/#primaryimage"},"thumbnailUrl":"https:\/\/shop.institut-mkral.co.uk\/wp-content\/uploads\/2024\/04\/32-1.png","datePublished":"2024-04-15T15:39:12+00:00","dateModified":"2025-09-30T15:43:31+00:00","breadcrumb":{"@id":"https:\/\/shop.institut-mkral.co.uk\/pl\/produkt\/kurs-pmu-basic-full-face-brwi-usta-eyeliner\/#breadcrumb"},"inLanguage":"pl-PL","potentialAction":[{"@type":"ReadAction","target":["https:\/\/shop.institut-mkral.co.uk\/pl\/produkt\/kurs-pmu-basic-full-face-brwi-usta-eyeliner\/"]}]},{"@type":"ImageObject","inLanguage":"pl-PL","@id":"https:\/\/shop.institut-mkral.co.uk\/pl\/produkt\/kurs-pmu-basic-full-face-brwi-usta-eyeliner\/#primaryimage","url":"https:\/\/shop.institut-mkral.co.uk\/wp-content\/uploads\/2024\/04\/32-1.png","contentUrl":"https:\/\/shop.institut-mkral.co.uk\/wp-content\/uploads\/2024\/04\/32-1.png","width":1000,"height":1000},{"@type":"BreadcrumbList","@id":"https:\/\/shop.institut-mkral.co.uk\/pl\/produkt\/kurs-pmu-basic-full-face-brwi-usta-eyeliner\/#breadcrumb","itemListElement":[{"@type":"ListItem","position":1,"name":"Home","item":"https:\/\/shop.institut-mkral.co.uk\/pl\/"},{"@type":"ListItem","position":2,"name":"Sklep","item":"https:\/\/shop.institut-mkral.co.uk\/pl\/sklep\/"},{"@type":"ListItem","position":3,"name":"Kurs PMU &#8211; Basic Full Face: Brwi + Usta + Eyeliner"}]},{"@type":"WebSite","@id":"https:\/\/shop.institut-mkral.co.uk\/pl\/#website","url":"https:\/\/shop.institut-mkral.co.uk\/pl\/","name":"shop.institut-mkral.co.uk","description":"","potentialAction":[{"@type":"SearchAction","target":{"@type":"EntryPoint","urlTemplate":"https:\/\/shop.institut-mkral.co.uk\/pl\/?s={search_term_string}"},"query-input":{"@type":"PropertyValueSpecification","valueRequired":true,"valueName":"search_term_string"}}],"inLanguage":"pl-PL"}]}},"_links":{"self":[{"href":"https:\/\/shop.institut-mkral.co.uk\/pl\/wp-json\/wp\/v2\/product\/1905","targetHints":{"allow":["GET"]}}],"collection":[{"href":"https:\/\/shop.institut-mkral.co.uk\/pl\/wp-json\/wp\/v2\/product"}],"about":[{"href":"https:\/\/shop.institut-mkral.co.uk\/pl\/wp-json\/wp\/v2\/types\/product"}],"wp:featuredmedia":[{"embeddable":true,"href":"https:\/\/shop.institut-mkral.co.uk\/pl\/wp-json\/wp\/v2\/media\/1906"}],"wp:attachment":[{"href":"https:\/\/shop.institut-mkral.co.uk\/pl\/wp-json\/wp\/v2\/media?parent=1905"}],"wp:term":[{"taxonomy":"product_brand","embeddable":true,"href":"https:\/\/shop.institut-mkral.co.uk\/pl\/wp-json\/wp\/v2\/product_brand?post=1905"},{"taxonomy":"product_cat","embeddable":true,"href":"https:\/\/shop.institut-mkral.co.uk\/pl\/wp-json\/wp\/v2\/product_cat?post=1905"},{"taxonomy":"product_tag","embeddable":true,"href":"https:\/\/shop.institut-mkral.co.uk\/pl\/wp-json\/wp\/v2\/product_tag?post=1905"}],"curies":[{"name":"wp","href":"https:\/\/api.w.org\/{rel}","templated":true}]}}