{"id":1900,"date":"2024-04-22T19:23:35","date_gmt":"2024-04-22T19:23:35","guid":{"rendered":"https:\/\/shop.institut-mkral.co.uk\/product\/pmu-eyeliner\/"},"modified":"2025-09-30T17:29:42","modified_gmt":"2025-09-30T17:29:42","slug":"pmu-makijaz-permanentny-kresek","status":"publish","type":"product","link":"https:\/\/shop.institut-mkral.co.uk\/pl\/produkt\/pmu-makijaz-permanentny-kresek\/","title":{"rendered":"PMU \u2013 Makija\u017c Permanentny Kresek"},"content":{"rendered":"<p>Kreska permanentna mo\u017ce mie\u0107 r\u00f3\u017cn\u0105 grubo\u015b\u0107 i kszta\u0142t, dopasowan\u0105 do indywidualnych potrzeb klientki \u2013 od delikatnej, naturalnej linii po wyrazist\u0105, podkre\u015blaj\u0105c\u0105 kontur oka.<\/p>\n<p>Zabieg wykonywany jest przy u\u017cyciu sterylnych narz\u0119dzi i wysokiej jako\u015bci pigment\u00f3w, dzi\u0119ki czemu efekt jest trwa\u0142y, naturalny i elegancki.<\/p>\n<p>Zabieg \/Usluga Permanentna kreska powiek<\/p>\n<p>Kreska permanentna doskonale wsp\u00f3\u0142gra z makija\u017cem dziennym i wieczorowym, zapewniaj\u0105c perfekcyjny wygl\u0105d oczu ka\u017cdego dnia.<\/p>\n<ul>\n<li>Delikatna kreska dzienna \u2013 cienka linia podkre\u015blaj\u0105ca kontur oka, nadaj\u0105ca naturalny efekt;<\/li>\n<li>Kreska klasyczna \/ eyeliner \u2013 wyra\u017aniejsza, idealna do codziennego makija\u017cu lub na specjalne okazje;<\/li>\n<li>Kreska smokey \/ cieniowana \u2013 mi\u0119kka, rozmyta linia dla subtelnego efektu \u201esmoky eyes\u201d;<\/li>\n<li>Kreska dekoracyjna \/ artystyczna \u2013 mo\u017cliwo\u015b\u0107 stworzenia bardziej wyrazistego lub kreatywnego makija\u017cu oczu.<\/li>\n<\/ul>\n<p>Zabieg wykonywany jest przy u\u017cyciu najwy\u017cszej jako\u015bci pigment\u00f3w i sterylnych narz\u0119dzi, dzi\u0119ki czemu efekt jest trwa\u0142y, naturalny i elegancki. Permanentna kreska sprawia, \u017ce oczy wygl\u0105daj\u0105 perfekcyjnie ka\u017cdego dnia, a makija\u017c staje si\u0119 prostszy i szybszy.<\/p>\n","protected":false},"excerpt":{"rendered":"<p>Zabieg \/Usluga Kreska Permanentna \u2013 Makija\u017c permanentny oczu Leeds. Profesjonalny makija\u017c permanentny kreski pozwala podkre\u015bli\u0107 oczy, doda\u0107 g\u0142\u0119bi spojrzeniu i oszcz\u0119dzi\u0107 czas na codziennym makija\u017cu.<\/p>\n","protected":false},"featured_media":1901,"template":"","meta":[],"product_brand":[],"product_cat":[69],"product_tag":[],"class_list":{"0":"post-1900","1":"product","2":"type-product","3":"status-publish","4":"has-post-thumbnail","6":"product_cat-services","8":"first","9":"instock","10":"shipping-taxable","11":"purchasable","12":"product-type-simple"},"yoast_head":"<!-- This site is optimized with the Yoast SEO plugin v27.5 - https:\/\/yoast.com\/product\/yoast-seo-wordpress\/ -->\n<title>PMU \u2013 Makija\u017c Permanentny Kresek - shop.institut-mkral.co.uk<\/title>\n<meta name=\"robots\" content=\"index, follow, max-snippet:-1, max-image-preview:large, max-video-preview:-1\" \/>\n<link rel=\"canonical\" href=\"https:\/\/shop.institut-mkral.co.uk\/pl\/produkt\/pmu-makijaz-permanentny-kresek\/\" \/>\n<meta property=\"og:locale\" content=\"pl_PL\" \/>\n<meta property=\"og:type\" content=\"article\" \/>\n<meta property=\"og:title\" content=\"PMU \u2013 Makija\u017c Permanentny Kresek - shop.institut-mkral.co.uk\" \/>\n<meta property=\"og:description\" content=\"Zabieg \/Usluga Kreska Permanentna \u2013 Makija\u017c permanentny oczu Leeds. Profesjonalny makija\u017c permanentny kreski pozwala podkre\u015bli\u0107 oczy, doda\u0107 g\u0142\u0119bi spojrzeniu i oszcz\u0119dzi\u0107 czas na codziennym makija\u017cu.\" \/>\n<meta property=\"og:url\" content=\"https:\/\/shop.institut-mkral.co.uk\/pl\/produkt\/pmu-makijaz-permanentny-kresek\/\" \/>\n<meta property=\"og:site_name\" content=\"shop.institut-mkral.co.uk\" \/>\n<meta property=\"article:modified_time\" content=\"2025-09-30T17:29:42+00:00\" \/>\n<meta property=\"og:image\" content=\"https:\/\/shop.institut-mkral.co.uk\/wp-content\/uploads\/2024\/04\/35.png\" \/>\n\t<meta property=\"og:image:width\" content=\"1000\" \/>\n\t<meta property=\"og:image:height\" content=\"1000\" \/>\n\t<meta property=\"og:image:type\" content=\"image\/png\" \/>\n<meta name=\"twitter:card\" content=\"summary_large_image\" \/>\n<meta name=\"twitter:label1\" content=\"Szacowany czas czytania\" \/>\n\t<meta name=\"twitter:data1\" content=\"1 minuta\" \/>\n<script type=\"application\/ld+json\" class=\"yoast-schema-graph\">{\"@context\":\"https:\\\/\\\/schema.org\",\"@graph\":[{\"@type\":\"WebPage\",\"@id\":\"https:\\\/\\\/shop.institut-mkral.co.uk\\\/pl\\\/produkt\\\/pmu-makijaz-permanentny-kresek\\\/\",\"url\":\"https:\\\/\\\/shop.institut-mkral.co.uk\\\/pl\\\/produkt\\\/pmu-makijaz-permanentny-kresek\\\/\",\"name\":\"PMU \u2013 Makija\u017c Permanentny Kresek - shop.institut-mkral.co.uk\",\"isPartOf\":{\"@id\":\"https:\\\/\\\/shop.institut-mkral.co.uk\\\/pl\\\/#website\"},\"primaryImageOfPage\":{\"@id\":\"https:\\\/\\\/shop.institut-mkral.co.uk\\\/pl\\\/produkt\\\/pmu-makijaz-permanentny-kresek\\\/#primaryimage\"},\"image\":{\"@id\":\"https:\\\/\\\/shop.institut-mkral.co.uk\\\/pl\\\/produkt\\\/pmu-makijaz-permanentny-kresek\\\/#primaryimage\"},\"thumbnailUrl\":\"https:\\\/\\\/shop.institut-mkral.co.uk\\\/wp-content\\\/uploads\\\/2024\\\/04\\\/35.png\",\"datePublished\":\"2024-04-22T19:23:35+00:00\",\"dateModified\":\"2025-09-30T17:29:42+00:00\",\"breadcrumb\":{\"@id\":\"https:\\\/\\\/shop.institut-mkral.co.uk\\\/pl\\\/produkt\\\/pmu-makijaz-permanentny-kresek\\\/#breadcrumb\"},\"inLanguage\":\"pl-PL\",\"potentialAction\":[{\"@type\":\"ReadAction\",\"target\":[\"https:\\\/\\\/shop.institut-mkral.co.uk\\\/pl\\\/produkt\\\/pmu-makijaz-permanentny-kresek\\\/\"]}]},{\"@type\":\"ImageObject\",\"inLanguage\":\"pl-PL\",\"@id\":\"https:\\\/\\\/shop.institut-mkral.co.uk\\\/pl\\\/produkt\\\/pmu-makijaz-permanentny-kresek\\\/#primaryimage\",\"url\":\"https:\\\/\\\/shop.institut-mkral.co.uk\\\/wp-content\\\/uploads\\\/2024\\\/04\\\/35.png\",\"contentUrl\":\"https:\\\/\\\/shop.institut-mkral.co.uk\\\/wp-content\\\/uploads\\\/2024\\\/04\\\/35.png\",\"width\":1000,\"height\":1000},{\"@type\":\"BreadcrumbList\",\"@id\":\"https:\\\/\\\/shop.institut-mkral.co.uk\\\/pl\\\/produkt\\\/pmu-makijaz-permanentny-kresek\\\/#breadcrumb\",\"itemListElement\":[{\"@type\":\"ListItem\",\"position\":1,\"name\":\"Home\",\"item\":\"https:\\\/\\\/shop.institut-mkral.co.uk\\\/pl\\\/\"},{\"@type\":\"ListItem\",\"position\":2,\"name\":\"Sklep\",\"item\":\"https:\\\/\\\/shop.institut-mkral.co.uk\\\/pl\\\/sklep\\\/\"},{\"@type\":\"ListItem\",\"position\":3,\"name\":\"PMU \u2013 Makija\u017c Permanentny Kresek\"}]},{\"@type\":\"WebSite\",\"@id\":\"https:\\\/\\\/shop.institut-mkral.co.uk\\\/pl\\\/#website\",\"url\":\"https:\\\/\\\/shop.institut-mkral.co.uk\\\/pl\\\/\",\"name\":\"shop.institut-mkral.co.uk\",\"description\":\"\",\"potentialAction\":[{\"@type\":\"SearchAction\",\"target\":{\"@type\":\"EntryPoint\",\"urlTemplate\":\"https:\\\/\\\/shop.institut-mkral.co.uk\\\/pl\\\/?s={search_term_string}\"},\"query-input\":{\"@type\":\"PropertyValueSpecification\",\"valueRequired\":true,\"valueName\":\"search_term_string\"}}],\"inLanguage\":\"pl-PL\"}]}<\/script>\n<!-- \/ Yoast SEO plugin. -->","yoast_head_json":{"title":"PMU \u2013 Makija\u017c Permanentny Kresek - shop.institut-mkral.co.uk","robots":{"index":"index","follow":"follow","max-snippet":"max-snippet:-1","max-image-preview":"max-image-preview:large","max-video-preview":"max-video-preview:-1"},"canonical":"https:\/\/shop.institut-mkral.co.uk\/pl\/produkt\/pmu-makijaz-permanentny-kresek\/","og_locale":"pl_PL","og_type":"article","og_title":"PMU \u2013 Makija\u017c Permanentny Kresek - shop.institut-mkral.co.uk","og_description":"Zabieg \/Usluga Kreska Permanentna \u2013 Makija\u017c permanentny oczu Leeds. Profesjonalny makija\u017c permanentny kreski pozwala podkre\u015bli\u0107 oczy, doda\u0107 g\u0142\u0119bi spojrzeniu i oszcz\u0119dzi\u0107 czas na codziennym makija\u017cu.","og_url":"https:\/\/shop.institut-mkral.co.uk\/pl\/produkt\/pmu-makijaz-permanentny-kresek\/","og_site_name":"shop.institut-mkral.co.uk","article_modified_time":"2025-09-30T17:29:42+00:00","og_image":[{"width":1000,"height":1000,"url":"https:\/\/shop.institut-mkral.co.uk\/wp-content\/uploads\/2024\/04\/35.png","type":"image\/png"}],"twitter_card":"summary_large_image","twitter_misc":{"Szacowany czas czytania":"1 minuta"},"schema":{"@context":"https:\/\/schema.org","@graph":[{"@type":"WebPage","@id":"https:\/\/shop.institut-mkral.co.uk\/pl\/produkt\/pmu-makijaz-permanentny-kresek\/","url":"https:\/\/shop.institut-mkral.co.uk\/pl\/produkt\/pmu-makijaz-permanentny-kresek\/","name":"PMU \u2013 Makija\u017c Permanentny Kresek - shop.institut-mkral.co.uk","isPartOf":{"@id":"https:\/\/shop.institut-mkral.co.uk\/pl\/#website"},"primaryImageOfPage":{"@id":"https:\/\/shop.institut-mkral.co.uk\/pl\/produkt\/pmu-makijaz-permanentny-kresek\/#primaryimage"},"image":{"@id":"https:\/\/shop.institut-mkral.co.uk\/pl\/produkt\/pmu-makijaz-permanentny-kresek\/#primaryimage"},"thumbnailUrl":"https:\/\/shop.institut-mkral.co.uk\/wp-content\/uploads\/2024\/04\/35.png","datePublished":"2024-04-22T19:23:35+00:00","dateModified":"2025-09-30T17:29:42+00:00","breadcrumb":{"@id":"https:\/\/shop.institut-mkral.co.uk\/pl\/produkt\/pmu-makijaz-permanentny-kresek\/#breadcrumb"},"inLanguage":"pl-PL","potentialAction":[{"@type":"ReadAction","target":["https:\/\/shop.institut-mkral.co.uk\/pl\/produkt\/pmu-makijaz-permanentny-kresek\/"]}]},{"@type":"ImageObject","inLanguage":"pl-PL","@id":"https:\/\/shop.institut-mkral.co.uk\/pl\/produkt\/pmu-makijaz-permanentny-kresek\/#primaryimage","url":"https:\/\/shop.institut-mkral.co.uk\/wp-content\/uploads\/2024\/04\/35.png","contentUrl":"https:\/\/shop.institut-mkral.co.uk\/wp-content\/uploads\/2024\/04\/35.png","width":1000,"height":1000},{"@type":"BreadcrumbList","@id":"https:\/\/shop.institut-mkral.co.uk\/pl\/produkt\/pmu-makijaz-permanentny-kresek\/#breadcrumb","itemListElement":[{"@type":"ListItem","position":1,"name":"Home","item":"https:\/\/shop.institut-mkral.co.uk\/pl\/"},{"@type":"ListItem","position":2,"name":"Sklep","item":"https:\/\/shop.institut-mkral.co.uk\/pl\/sklep\/"},{"@type":"ListItem","position":3,"name":"PMU \u2013 Makija\u017c Permanentny Kresek"}]},{"@type":"WebSite","@id":"https:\/\/shop.institut-mkral.co.uk\/pl\/#website","url":"https:\/\/shop.institut-mkral.co.uk\/pl\/","name":"shop.institut-mkral.co.uk","description":"","potentialAction":[{"@type":"SearchAction","target":{"@type":"EntryPoint","urlTemplate":"https:\/\/shop.institut-mkral.co.uk\/pl\/?s={search_term_string}"},"query-input":{"@type":"PropertyValueSpecification","valueRequired":true,"valueName":"search_term_string"}}],"inLanguage":"pl-PL"}]}},"_links":{"self":[{"href":"https:\/\/shop.institut-mkral.co.uk\/pl\/wp-json\/wp\/v2\/product\/1900","targetHints":{"allow":["GET"]}}],"collection":[{"href":"https:\/\/shop.institut-mkral.co.uk\/pl\/wp-json\/wp\/v2\/product"}],"about":[{"href":"https:\/\/shop.institut-mkral.co.uk\/pl\/wp-json\/wp\/v2\/types\/product"}],"wp:featuredmedia":[{"embeddable":true,"href":"https:\/\/shop.institut-mkral.co.uk\/pl\/wp-json\/wp\/v2\/media\/1901"}],"wp:attachment":[{"href":"https:\/\/shop.institut-mkral.co.uk\/pl\/wp-json\/wp\/v2\/media?parent=1900"}],"wp:term":[{"taxonomy":"product_brand","embeddable":true,"href":"https:\/\/shop.institut-mkral.co.uk\/pl\/wp-json\/wp\/v2\/product_brand?post=1900"},{"taxonomy":"product_cat","embeddable":true,"href":"https:\/\/shop.institut-mkral.co.uk\/pl\/wp-json\/wp\/v2\/product_cat?post=1900"},{"taxonomy":"product_tag","embeddable":true,"href":"https:\/\/shop.institut-mkral.co.uk\/pl\/wp-json\/wp\/v2\/product_tag?post=1900"}],"curies":[{"name":"wp","href":"https:\/\/api.w.org\/{rel}","templated":true}]}}