{"id":1898,"date":"2025-04-10T22:18:03","date_gmt":"2025-04-10T22:18:03","guid":{"rendered":"https:\/\/shop.institut-mkral.co.uk\/product\/pmu-upgrade-session-course-11-vip\/"},"modified":"2025-09-30T17:14:53","modified_gmt":"2025-09-30T17:14:53","slug":"kurs-doszkalajacy-pmu-11-vip","status":"publish","type":"product","link":"https:\/\/shop.institut-mkral.co.uk\/pl\/produkt\/kurs-doszkalajacy-pmu-11-vip\/","title":{"rendered":"Kurs Doszkalaj\u0105cy PMU 1:1 VIP"},"content":{"rendered":"<ul>\n<li dir=\"ltr\">\n<div dir=\"ltr\">Sesja podnosz\u0105ca umiej\u0119tno\u015bci<\/div>\n<div dir=\"ltr\"><\/div>\n<div dir=\"ltr\">Indywidualny program nauki stworzony dla linergist\u00f3w PMU, kt\u00f3rzy chc\u0105 udoskonali\u0107 swoje umiej\u0119tno\u015bci i wynie\u015b\u0107 swoj\u0105 prac\u0119 na wy\u017cszy poziom.<\/div>\n<\/li>\n<\/ul>\n","protected":false},"excerpt":{"rendered":"<div dir=\"ltr\" style=\"text-align: left;\">\n<div dir=\"ltr\"><strong>To szkolenie jest idealne dla os\u00f3b, kt\u00f3re:<\/strong><\/div>\n<ul>\n<li dir=\"ltr\">Czuj\u0105 si\u0119 niepewnie w niekt\u00f3rych aspektach PMU<\/li>\n<li dir=\"ltr\">Maj\u0105 trudno\u015bci z pigmentacj\u0105<\/li>\n<li dir=\"ltr\">Chc\u0105 udoskonali\u0107 i wzmocni\u0107 swoje techniki<\/li>\n<li dir=\"ltr\">Pragn\u0105 pozna\u0107 i nauczy\u0107 si\u0119 moich autorskich metod pigmentacji w okre\u015blonym obszarze<\/li>\n<li dir=\"ltr\">Potrzebuj\u0105 pomocy w identyfikacji i eliminacji b\u0142\u0119d\u00f3w w swojej obecnej pracy<\/li>\n<li dir=\"ltr\">Maj\u0105 ju\u017c uko\u0144czone podstawowe szkolenie PMU<\/li>\n<\/ul>\n<\/div>\n","protected":false},"featured_media":1899,"template":"","meta":[],"product_brand":[],"product_cat":[68],"product_tag":[],"class_list":{"0":"post-1898","1":"product","2":"type-product","3":"status-publish","4":"has-post-thumbnail","6":"product_cat-bez-kategorii","8":"first","9":"instock","10":"shipping-taxable","11":"purchasable","12":"product-type-simple"},"yoast_head":"<!-- This site is optimized with the Yoast SEO plugin v27.5 - https:\/\/yoast.com\/product\/yoast-seo-wordpress\/ -->\n<title>Kurs Doszkalaj\u0105cy PMU 1:1 VIP - shop.institut-mkral.co.uk<\/title>\n<meta name=\"robots\" content=\"index, follow, max-snippet:-1, max-image-preview:large, max-video-preview:-1\" \/>\n<link rel=\"canonical\" href=\"https:\/\/shop.institut-mkral.co.uk\/pl\/produkt\/kurs-doszkalajacy-pmu-11-vip\/\" \/>\n<meta property=\"og:locale\" content=\"pl_PL\" \/>\n<meta property=\"og:type\" content=\"article\" \/>\n<meta property=\"og:title\" content=\"Kurs Doszkalaj\u0105cy PMU 1:1 VIP - shop.institut-mkral.co.uk\" \/>\n<meta property=\"og:description\" content=\"To szkolenie jest idealne dla os\u00f3b, kt\u00f3re:   Czuj\u0105 si\u0119 niepewnie w niekt\u00f3rych aspektach PMU  Maj\u0105 trudno\u015bci z pigmentacj\u0105  Chc\u0105 udoskonali\u0107 i wzmocni\u0107 swoje techniki  Pragn\u0105 pozna\u0107 i nauczy\u0107 si\u0119 moich autorskich metod pigmentacji w okre\u015blonym obszarze  Potrzebuj\u0105 pomocy w identyfikacji i eliminacji b\u0142\u0119d\u00f3w w swojej obecnej pracy  Maj\u0105 ju\u017c uko\u0144czone podstawowe szkolenie PMU\" \/>\n<meta property=\"og:url\" content=\"https:\/\/shop.institut-mkral.co.uk\/pl\/produkt\/kurs-doszkalajacy-pmu-11-vip\/\" \/>\n<meta property=\"og:site_name\" content=\"shop.institut-mkral.co.uk\" \/>\n<meta property=\"article:modified_time\" content=\"2025-09-30T17:14:53+00:00\" \/>\n<meta property=\"og:image\" content=\"https:\/\/shop.institut-mkral.co.uk\/wp-content\/uploads\/2025\/04\/mkral-1.jpg\" \/>\n\t<meta property=\"og:image:width\" content=\"1500\" \/>\n\t<meta property=\"og:image:height\" content=\"1500\" \/>\n\t<meta property=\"og:image:type\" content=\"image\/jpeg\" \/>\n<meta name=\"twitter:card\" content=\"summary_large_image\" \/>\n<meta name=\"twitter:label1\" content=\"Szacowany czas czytania\" \/>\n\t<meta name=\"twitter:data1\" content=\"1 minuta\" \/>\n<script type=\"application\/ld+json\" class=\"yoast-schema-graph\">{\"@context\":\"https:\\\/\\\/schema.org\",\"@graph\":[{\"@type\":\"WebPage\",\"@id\":\"https:\\\/\\\/shop.institut-mkral.co.uk\\\/pl\\\/produkt\\\/kurs-doszkalajacy-pmu-11-vip\\\/\",\"url\":\"https:\\\/\\\/shop.institut-mkral.co.uk\\\/pl\\\/produkt\\\/kurs-doszkalajacy-pmu-11-vip\\\/\",\"name\":\"Kurs Doszkalaj\u0105cy PMU 1:1 VIP - shop.institut-mkral.co.uk\",\"isPartOf\":{\"@id\":\"https:\\\/\\\/shop.institut-mkral.co.uk\\\/pl\\\/#website\"},\"primaryImageOfPage\":{\"@id\":\"https:\\\/\\\/shop.institut-mkral.co.uk\\\/pl\\\/produkt\\\/kurs-doszkalajacy-pmu-11-vip\\\/#primaryimage\"},\"image\":{\"@id\":\"https:\\\/\\\/shop.institut-mkral.co.uk\\\/pl\\\/produkt\\\/kurs-doszkalajacy-pmu-11-vip\\\/#primaryimage\"},\"thumbnailUrl\":\"https:\\\/\\\/shop.institut-mkral.co.uk\\\/wp-content\\\/uploads\\\/2025\\\/04\\\/mkral-1.jpg\",\"datePublished\":\"2025-04-10T22:18:03+00:00\",\"dateModified\":\"2025-09-30T17:14:53+00:00\",\"breadcrumb\":{\"@id\":\"https:\\\/\\\/shop.institut-mkral.co.uk\\\/pl\\\/produkt\\\/kurs-doszkalajacy-pmu-11-vip\\\/#breadcrumb\"},\"inLanguage\":\"pl-PL\",\"potentialAction\":[{\"@type\":\"ReadAction\",\"target\":[\"https:\\\/\\\/shop.institut-mkral.co.uk\\\/pl\\\/produkt\\\/kurs-doszkalajacy-pmu-11-vip\\\/\"]}]},{\"@type\":\"ImageObject\",\"inLanguage\":\"pl-PL\",\"@id\":\"https:\\\/\\\/shop.institut-mkral.co.uk\\\/pl\\\/produkt\\\/kurs-doszkalajacy-pmu-11-vip\\\/#primaryimage\",\"url\":\"https:\\\/\\\/shop.institut-mkral.co.uk\\\/wp-content\\\/uploads\\\/2025\\\/04\\\/mkral-1.jpg\",\"contentUrl\":\"https:\\\/\\\/shop.institut-mkral.co.uk\\\/wp-content\\\/uploads\\\/2025\\\/04\\\/mkral-1.jpg\",\"width\":1500,\"height\":1500},{\"@type\":\"BreadcrumbList\",\"@id\":\"https:\\\/\\\/shop.institut-mkral.co.uk\\\/pl\\\/produkt\\\/kurs-doszkalajacy-pmu-11-vip\\\/#breadcrumb\",\"itemListElement\":[{\"@type\":\"ListItem\",\"position\":1,\"name\":\"Home\",\"item\":\"https:\\\/\\\/shop.institut-mkral.co.uk\\\/pl\\\/\"},{\"@type\":\"ListItem\",\"position\":2,\"name\":\"Sklep\",\"item\":\"https:\\\/\\\/shop.institut-mkral.co.uk\\\/pl\\\/sklep\\\/\"},{\"@type\":\"ListItem\",\"position\":3,\"name\":\"Kurs Doszkalaj\u0105cy PMU 1:1 VIP\"}]},{\"@type\":\"WebSite\",\"@id\":\"https:\\\/\\\/shop.institut-mkral.co.uk\\\/pl\\\/#website\",\"url\":\"https:\\\/\\\/shop.institut-mkral.co.uk\\\/pl\\\/\",\"name\":\"shop.institut-mkral.co.uk\",\"description\":\"\",\"potentialAction\":[{\"@type\":\"SearchAction\",\"target\":{\"@type\":\"EntryPoint\",\"urlTemplate\":\"https:\\\/\\\/shop.institut-mkral.co.uk\\\/pl\\\/?s={search_term_string}\"},\"query-input\":{\"@type\":\"PropertyValueSpecification\",\"valueRequired\":true,\"valueName\":\"search_term_string\"}}],\"inLanguage\":\"pl-PL\"}]}<\/script>\n<!-- \/ Yoast SEO plugin. -->","yoast_head_json":{"title":"Kurs Doszkalaj\u0105cy PMU 1:1 VIP - shop.institut-mkral.co.uk","robots":{"index":"index","follow":"follow","max-snippet":"max-snippet:-1","max-image-preview":"max-image-preview:large","max-video-preview":"max-video-preview:-1"},"canonical":"https:\/\/shop.institut-mkral.co.uk\/pl\/produkt\/kurs-doszkalajacy-pmu-11-vip\/","og_locale":"pl_PL","og_type":"article","og_title":"Kurs Doszkalaj\u0105cy PMU 1:1 VIP - shop.institut-mkral.co.uk","og_description":"To szkolenie jest idealne dla os\u00f3b, kt\u00f3re:   Czuj\u0105 si\u0119 niepewnie w niekt\u00f3rych aspektach PMU  Maj\u0105 trudno\u015bci z pigmentacj\u0105  Chc\u0105 udoskonali\u0107 i wzmocni\u0107 swoje techniki  Pragn\u0105 pozna\u0107 i nauczy\u0107 si\u0119 moich autorskich metod pigmentacji w okre\u015blonym obszarze  Potrzebuj\u0105 pomocy w identyfikacji i eliminacji b\u0142\u0119d\u00f3w w swojej obecnej pracy  Maj\u0105 ju\u017c uko\u0144czone podstawowe szkolenie PMU","og_url":"https:\/\/shop.institut-mkral.co.uk\/pl\/produkt\/kurs-doszkalajacy-pmu-11-vip\/","og_site_name":"shop.institut-mkral.co.uk","article_modified_time":"2025-09-30T17:14:53+00:00","og_image":[{"width":1500,"height":1500,"url":"https:\/\/shop.institut-mkral.co.uk\/wp-content\/uploads\/2025\/04\/mkral-1.jpg","type":"image\/jpeg"}],"twitter_card":"summary_large_image","twitter_misc":{"Szacowany czas czytania":"1 minuta"},"schema":{"@context":"https:\/\/schema.org","@graph":[{"@type":"WebPage","@id":"https:\/\/shop.institut-mkral.co.uk\/pl\/produkt\/kurs-doszkalajacy-pmu-11-vip\/","url":"https:\/\/shop.institut-mkral.co.uk\/pl\/produkt\/kurs-doszkalajacy-pmu-11-vip\/","name":"Kurs Doszkalaj\u0105cy PMU 1:1 VIP - shop.institut-mkral.co.uk","isPartOf":{"@id":"https:\/\/shop.institut-mkral.co.uk\/pl\/#website"},"primaryImageOfPage":{"@id":"https:\/\/shop.institut-mkral.co.uk\/pl\/produkt\/kurs-doszkalajacy-pmu-11-vip\/#primaryimage"},"image":{"@id":"https:\/\/shop.institut-mkral.co.uk\/pl\/produkt\/kurs-doszkalajacy-pmu-11-vip\/#primaryimage"},"thumbnailUrl":"https:\/\/shop.institut-mkral.co.uk\/wp-content\/uploads\/2025\/04\/mkral-1.jpg","datePublished":"2025-04-10T22:18:03+00:00","dateModified":"2025-09-30T17:14:53+00:00","breadcrumb":{"@id":"https:\/\/shop.institut-mkral.co.uk\/pl\/produkt\/kurs-doszkalajacy-pmu-11-vip\/#breadcrumb"},"inLanguage":"pl-PL","potentialAction":[{"@type":"ReadAction","target":["https:\/\/shop.institut-mkral.co.uk\/pl\/produkt\/kurs-doszkalajacy-pmu-11-vip\/"]}]},{"@type":"ImageObject","inLanguage":"pl-PL","@id":"https:\/\/shop.institut-mkral.co.uk\/pl\/produkt\/kurs-doszkalajacy-pmu-11-vip\/#primaryimage","url":"https:\/\/shop.institut-mkral.co.uk\/wp-content\/uploads\/2025\/04\/mkral-1.jpg","contentUrl":"https:\/\/shop.institut-mkral.co.uk\/wp-content\/uploads\/2025\/04\/mkral-1.jpg","width":1500,"height":1500},{"@type":"BreadcrumbList","@id":"https:\/\/shop.institut-mkral.co.uk\/pl\/produkt\/kurs-doszkalajacy-pmu-11-vip\/#breadcrumb","itemListElement":[{"@type":"ListItem","position":1,"name":"Home","item":"https:\/\/shop.institut-mkral.co.uk\/pl\/"},{"@type":"ListItem","position":2,"name":"Sklep","item":"https:\/\/shop.institut-mkral.co.uk\/pl\/sklep\/"},{"@type":"ListItem","position":3,"name":"Kurs Doszkalaj\u0105cy PMU 1:1 VIP"}]},{"@type":"WebSite","@id":"https:\/\/shop.institut-mkral.co.uk\/pl\/#website","url":"https:\/\/shop.institut-mkral.co.uk\/pl\/","name":"shop.institut-mkral.co.uk","description":"","potentialAction":[{"@type":"SearchAction","target":{"@type":"EntryPoint","urlTemplate":"https:\/\/shop.institut-mkral.co.uk\/pl\/?s={search_term_string}"},"query-input":{"@type":"PropertyValueSpecification","valueRequired":true,"valueName":"search_term_string"}}],"inLanguage":"pl-PL"}]}},"_links":{"self":[{"href":"https:\/\/shop.institut-mkral.co.uk\/pl\/wp-json\/wp\/v2\/product\/1898","targetHints":{"allow":["GET"]}}],"collection":[{"href":"https:\/\/shop.institut-mkral.co.uk\/pl\/wp-json\/wp\/v2\/product"}],"about":[{"href":"https:\/\/shop.institut-mkral.co.uk\/pl\/wp-json\/wp\/v2\/types\/product"}],"wp:featuredmedia":[{"embeddable":true,"href":"https:\/\/shop.institut-mkral.co.uk\/pl\/wp-json\/wp\/v2\/media\/1899"}],"wp:attachment":[{"href":"https:\/\/shop.institut-mkral.co.uk\/pl\/wp-json\/wp\/v2\/media?parent=1898"}],"wp:term":[{"taxonomy":"product_brand","embeddable":true,"href":"https:\/\/shop.institut-mkral.co.uk\/pl\/wp-json\/wp\/v2\/product_brand?post=1898"},{"taxonomy":"product_cat","embeddable":true,"href":"https:\/\/shop.institut-mkral.co.uk\/pl\/wp-json\/wp\/v2\/product_cat?post=1898"},{"taxonomy":"product_tag","embeddable":true,"href":"https:\/\/shop.institut-mkral.co.uk\/pl\/wp-json\/wp\/v2\/product_tag?post=1898"}],"curies":[{"name":"wp","href":"https:\/\/api.w.org\/{rel}","templated":true}]}}