{"id":1894,"date":"2025-07-18T16:21:05","date_gmt":"2025-07-18T16:21:05","guid":{"rendered":"https:\/\/shop.institut-mkral.co.uk\/product\/pmu-course-brows-lips-pmu\/"},"modified":"2025-09-30T17:14:05","modified_gmt":"2025-09-30T17:14:05","slug":"kurs-pmu-makijaz-permanentny-brwi-usta","status":"publish","type":"product","link":"https:\/\/shop.institut-mkral.co.uk\/pl\/produkt\/kurs-pmu-makijaz-permanentny-brwi-usta\/","title":{"rendered":"Kurs PMU \u2013 Makija\u017c Permanentny Brwi &#038; Usta"},"content":{"rendered":"<ul>\n<li dir=\"ltr\">\n<div dir=\"ltr\">Indywidualne 1:1 | 5 dni<\/div>\n<\/li>\n<\/ul>\n","protected":false},"excerpt":{"rendered":"<div dir=\"ltr\" style=\"text-align: left;\">\n<div dir=\"ltr\"><strong>5 dni szkolenia indywidualnego 1:1 z Master Trenerem | Institute M.Kral<\/strong><\/div>\n<ul>\n<li dir=\"ltr\">Indywidualne szkolenie 1:1 \u2013 pe\u0142na uwaga trenera<\/li>\n<li dir=\"ltr\">Odpowiednie dla pocz\u0105tkuj\u0105cych lub os\u00f3b chc\u0105cych si\u0119 przekwalifikowa\u0107<\/li>\n<li dir=\"ltr\">Szkolenie obejmuje dwa obszary:<\/li>\n<\/ul>\n<div dir=\"ltr\">&#8211; Brwi \u2013 technika ombre, pudrowa<\/div>\n<div dir=\"ltr\">&#8211; Usta \u2013 lip blush, kontur z cieniowaniem<\/div>\n<ul>\n<li dir=\"ltr\">Dob\u00f3r kolor\u00f3w, pigmentologia i analiza typu sk\u00f3ry<\/li>\n<li dir=\"ltr\">Teoria dotycz\u0105ca pigment\u00f3w i igie\u0142 \u2013 poznaj ich zastosowanie i rodzaje<\/li>\n<li dir=\"ltr\">Anatomia sk\u00f3ry, higiena i protoko\u0142y bezpiecze\u0144stwa PMU<\/li>\n<li dir=\"ltr\">Procedura zabiegu: konsultacja, dokumentacja i planowanie<\/li>\n<li dir=\"ltr\">Praktyka na 4 modelkach \u2013 indywidualnie, z aktywnym wsparciem trenera<\/li>\n<li dir=\"ltr\">Pakiet powitalny \u2013 torba ze starterem materia\u0142\u00f3w<\/li>\n<li dir=\"ltr\">Skrypt szkoleniowy + formularze + checklisty<\/li>\n<li dir=\"ltr\">Certyfikat akredytowany przez ABT (UK)<\/li>\n<li dir=\"ltr\">10% zni\u017cki na ubezpieczenie zabieg\u00f3w ABT<\/li>\n<li dir=\"ltr\">Terminy szkole\u0144 ustalane indywidualnie<\/li>\n<li dir=\"ltr\">Lokalizacja: Leeds<\/li>\n<\/ul>\n<\/div>\n","protected":false},"featured_media":1895,"template":"","meta":[],"product_brand":[],"product_cat":[68],"product_tag":[],"class_list":{"0":"post-1894","1":"product","2":"type-product","3":"status-publish","4":"has-post-thumbnail","6":"product_cat-bez-kategorii","8":"first","9":"instock","10":"shipping-taxable","11":"purchasable","12":"product-type-simple"},"yoast_head":"<!-- This site is optimized with the Yoast SEO plugin v27.5 - https:\/\/yoast.com\/product\/yoast-seo-wordpress\/ -->\n<title>Kurs PMU \u2013 Makija\u017c Permanentny Brwi &amp; Usta - shop.institut-mkral.co.uk<\/title>\n<meta name=\"robots\" content=\"index, follow, max-snippet:-1, max-image-preview:large, max-video-preview:-1\" \/>\n<link rel=\"canonical\" href=\"https:\/\/shop.institut-mkral.co.uk\/pl\/produkt\/kurs-pmu-makijaz-permanentny-brwi-usta\/\" \/>\n<meta property=\"og:locale\" content=\"pl_PL\" \/>\n<meta property=\"og:type\" content=\"article\" \/>\n<meta property=\"og:title\" content=\"Kurs PMU \u2013 Makija\u017c Permanentny Brwi &amp; Usta - shop.institut-mkral.co.uk\" \/>\n<meta property=\"og:description\" content=\"5 dni szkolenia indywidualnego 1:1 z Master Trenerem | Institute M.Kral   Indywidualne szkolenie 1:1 \u2013 pe\u0142na uwaga trenera  Odpowiednie dla pocz\u0105tkuj\u0105cych lub os\u00f3b chc\u0105cych si\u0119 przekwalifikowa\u0107  Szkolenie obejmuje dwa obszary:  - Brwi \u2013 technika ombre, pudrowa - Usta \u2013 lip blush, kontur z cieniowaniem   Dob\u00f3r kolor\u00f3w, pigmentologia i analiza typu sk\u00f3ry  Teoria dotycz\u0105ca pigment\u00f3w i igie\u0142 \u2013 poznaj ich zastosowanie i rodzaje  Anatomia sk\u00f3ry, higiena i protoko\u0142y bezpiecze\u0144stwa PMU  Procedura zabiegu: konsultacja, dokumentacja i planowanie  Praktyka na 4 modelkach \u2013 indywidualnie, z aktywnym wsparciem trenera  Pakiet powitalny \u2013 torba ze starterem materia\u0142\u00f3w  Skrypt szkoleniowy + formularze + checklisty  Certyfikat akredytowany przez ABT (UK)  10% zni\u017cki na ubezpieczenie zabieg\u00f3w ABT  Terminy szkole\u0144 ustalane indywidualnie  Lokalizacja: Leeds\" \/>\n<meta property=\"og:url\" content=\"https:\/\/shop.institut-mkral.co.uk\/pl\/produkt\/kurs-pmu-makijaz-permanentny-brwi-usta\/\" \/>\n<meta property=\"og:site_name\" content=\"shop.institut-mkral.co.uk\" \/>\n<meta property=\"article:modified_time\" content=\"2025-09-30T17:14:05+00:00\" \/>\n<meta property=\"og:image\" content=\"https:\/\/shop.institut-mkral.co.uk\/wp-content\/uploads\/2025\/07\/PMU-Course.jpg\" \/>\n\t<meta property=\"og:image:width\" content=\"1920\" \/>\n\t<meta property=\"og:image:height\" content=\"1920\" \/>\n\t<meta property=\"og:image:type\" content=\"image\/jpeg\" \/>\n<meta name=\"twitter:card\" content=\"summary_large_image\" \/>\n<meta name=\"twitter:label1\" content=\"Szacowany czas czytania\" \/>\n\t<meta name=\"twitter:data1\" content=\"1 minuta\" \/>\n<script type=\"application\/ld+json\" class=\"yoast-schema-graph\">{\"@context\":\"https:\\\/\\\/schema.org\",\"@graph\":[{\"@type\":\"WebPage\",\"@id\":\"https:\\\/\\\/shop.institut-mkral.co.uk\\\/pl\\\/produkt\\\/kurs-pmu-makijaz-permanentny-brwi-usta\\\/\",\"url\":\"https:\\\/\\\/shop.institut-mkral.co.uk\\\/pl\\\/produkt\\\/kurs-pmu-makijaz-permanentny-brwi-usta\\\/\",\"name\":\"Kurs PMU \u2013 Makija\u017c Permanentny Brwi & Usta - shop.institut-mkral.co.uk\",\"isPartOf\":{\"@id\":\"https:\\\/\\\/shop.institut-mkral.co.uk\\\/pl\\\/#website\"},\"primaryImageOfPage\":{\"@id\":\"https:\\\/\\\/shop.institut-mkral.co.uk\\\/pl\\\/produkt\\\/kurs-pmu-makijaz-permanentny-brwi-usta\\\/#primaryimage\"},\"image\":{\"@id\":\"https:\\\/\\\/shop.institut-mkral.co.uk\\\/pl\\\/produkt\\\/kurs-pmu-makijaz-permanentny-brwi-usta\\\/#primaryimage\"},\"thumbnailUrl\":\"https:\\\/\\\/shop.institut-mkral.co.uk\\\/wp-content\\\/uploads\\\/2025\\\/07\\\/PMU-Course.jpg\",\"datePublished\":\"2025-07-18T16:21:05+00:00\",\"dateModified\":\"2025-09-30T17:14:05+00:00\",\"breadcrumb\":{\"@id\":\"https:\\\/\\\/shop.institut-mkral.co.uk\\\/pl\\\/produkt\\\/kurs-pmu-makijaz-permanentny-brwi-usta\\\/#breadcrumb\"},\"inLanguage\":\"pl-PL\",\"potentialAction\":[{\"@type\":\"ReadAction\",\"target\":[\"https:\\\/\\\/shop.institut-mkral.co.uk\\\/pl\\\/produkt\\\/kurs-pmu-makijaz-permanentny-brwi-usta\\\/\"]}]},{\"@type\":\"ImageObject\",\"inLanguage\":\"pl-PL\",\"@id\":\"https:\\\/\\\/shop.institut-mkral.co.uk\\\/pl\\\/produkt\\\/kurs-pmu-makijaz-permanentny-brwi-usta\\\/#primaryimage\",\"url\":\"https:\\\/\\\/shop.institut-mkral.co.uk\\\/wp-content\\\/uploads\\\/2025\\\/07\\\/PMU-Course.jpg\",\"contentUrl\":\"https:\\\/\\\/shop.institut-mkral.co.uk\\\/wp-content\\\/uploads\\\/2025\\\/07\\\/PMU-Course.jpg\",\"width\":1920,\"height\":1920},{\"@type\":\"BreadcrumbList\",\"@id\":\"https:\\\/\\\/shop.institut-mkral.co.uk\\\/pl\\\/produkt\\\/kurs-pmu-makijaz-permanentny-brwi-usta\\\/#breadcrumb\",\"itemListElement\":[{\"@type\":\"ListItem\",\"position\":1,\"name\":\"Home\",\"item\":\"https:\\\/\\\/shop.institut-mkral.co.uk\\\/pl\\\/\"},{\"@type\":\"ListItem\",\"position\":2,\"name\":\"Sklep\",\"item\":\"https:\\\/\\\/shop.institut-mkral.co.uk\\\/pl\\\/sklep\\\/\"},{\"@type\":\"ListItem\",\"position\":3,\"name\":\"Kurs PMU \u2013 Makija\u017c Permanentny Brwi &#038; Usta\"}]},{\"@type\":\"WebSite\",\"@id\":\"https:\\\/\\\/shop.institut-mkral.co.uk\\\/pl\\\/#website\",\"url\":\"https:\\\/\\\/shop.institut-mkral.co.uk\\\/pl\\\/\",\"name\":\"shop.institut-mkral.co.uk\",\"description\":\"\",\"potentialAction\":[{\"@type\":\"SearchAction\",\"target\":{\"@type\":\"EntryPoint\",\"urlTemplate\":\"https:\\\/\\\/shop.institut-mkral.co.uk\\\/pl\\\/?s={search_term_string}\"},\"query-input\":{\"@type\":\"PropertyValueSpecification\",\"valueRequired\":true,\"valueName\":\"search_term_string\"}}],\"inLanguage\":\"pl-PL\"}]}<\/script>\n<!-- \/ Yoast SEO plugin. -->","yoast_head_json":{"title":"Kurs PMU \u2013 Makija\u017c Permanentny Brwi & Usta - shop.institut-mkral.co.uk","robots":{"index":"index","follow":"follow","max-snippet":"max-snippet:-1","max-image-preview":"max-image-preview:large","max-video-preview":"max-video-preview:-1"},"canonical":"https:\/\/shop.institut-mkral.co.uk\/pl\/produkt\/kurs-pmu-makijaz-permanentny-brwi-usta\/","og_locale":"pl_PL","og_type":"article","og_title":"Kurs PMU \u2013 Makija\u017c Permanentny Brwi & Usta - shop.institut-mkral.co.uk","og_description":"5 dni szkolenia indywidualnego 1:1 z Master Trenerem | Institute M.Kral   Indywidualne szkolenie 1:1 \u2013 pe\u0142na uwaga trenera  Odpowiednie dla pocz\u0105tkuj\u0105cych lub os\u00f3b chc\u0105cych si\u0119 przekwalifikowa\u0107  Szkolenie obejmuje dwa obszary:  - Brwi \u2013 technika ombre, pudrowa - Usta \u2013 lip blush, kontur z cieniowaniem   Dob\u00f3r kolor\u00f3w, pigmentologia i analiza typu sk\u00f3ry  Teoria dotycz\u0105ca pigment\u00f3w i igie\u0142 \u2013 poznaj ich zastosowanie i rodzaje  Anatomia sk\u00f3ry, higiena i protoko\u0142y bezpiecze\u0144stwa PMU  Procedura zabiegu: konsultacja, dokumentacja i planowanie  Praktyka na 4 modelkach \u2013 indywidualnie, z aktywnym wsparciem trenera  Pakiet powitalny \u2013 torba ze starterem materia\u0142\u00f3w  Skrypt szkoleniowy + formularze + checklisty  Certyfikat akredytowany przez ABT (UK)  10% zni\u017cki na ubezpieczenie zabieg\u00f3w ABT  Terminy szkole\u0144 ustalane indywidualnie  Lokalizacja: Leeds","og_url":"https:\/\/shop.institut-mkral.co.uk\/pl\/produkt\/kurs-pmu-makijaz-permanentny-brwi-usta\/","og_site_name":"shop.institut-mkral.co.uk","article_modified_time":"2025-09-30T17:14:05+00:00","og_image":[{"width":1920,"height":1920,"url":"https:\/\/shop.institut-mkral.co.uk\/wp-content\/uploads\/2025\/07\/PMU-Course.jpg","type":"image\/jpeg"}],"twitter_card":"summary_large_image","twitter_misc":{"Szacowany czas czytania":"1 minuta"},"schema":{"@context":"https:\/\/schema.org","@graph":[{"@type":"WebPage","@id":"https:\/\/shop.institut-mkral.co.uk\/pl\/produkt\/kurs-pmu-makijaz-permanentny-brwi-usta\/","url":"https:\/\/shop.institut-mkral.co.uk\/pl\/produkt\/kurs-pmu-makijaz-permanentny-brwi-usta\/","name":"Kurs PMU \u2013 Makija\u017c Permanentny Brwi & Usta - shop.institut-mkral.co.uk","isPartOf":{"@id":"https:\/\/shop.institut-mkral.co.uk\/pl\/#website"},"primaryImageOfPage":{"@id":"https:\/\/shop.institut-mkral.co.uk\/pl\/produkt\/kurs-pmu-makijaz-permanentny-brwi-usta\/#primaryimage"},"image":{"@id":"https:\/\/shop.institut-mkral.co.uk\/pl\/produkt\/kurs-pmu-makijaz-permanentny-brwi-usta\/#primaryimage"},"thumbnailUrl":"https:\/\/shop.institut-mkral.co.uk\/wp-content\/uploads\/2025\/07\/PMU-Course.jpg","datePublished":"2025-07-18T16:21:05+00:00","dateModified":"2025-09-30T17:14:05+00:00","breadcrumb":{"@id":"https:\/\/shop.institut-mkral.co.uk\/pl\/produkt\/kurs-pmu-makijaz-permanentny-brwi-usta\/#breadcrumb"},"inLanguage":"pl-PL","potentialAction":[{"@type":"ReadAction","target":["https:\/\/shop.institut-mkral.co.uk\/pl\/produkt\/kurs-pmu-makijaz-permanentny-brwi-usta\/"]}]},{"@type":"ImageObject","inLanguage":"pl-PL","@id":"https:\/\/shop.institut-mkral.co.uk\/pl\/produkt\/kurs-pmu-makijaz-permanentny-brwi-usta\/#primaryimage","url":"https:\/\/shop.institut-mkral.co.uk\/wp-content\/uploads\/2025\/07\/PMU-Course.jpg","contentUrl":"https:\/\/shop.institut-mkral.co.uk\/wp-content\/uploads\/2025\/07\/PMU-Course.jpg","width":1920,"height":1920},{"@type":"BreadcrumbList","@id":"https:\/\/shop.institut-mkral.co.uk\/pl\/produkt\/kurs-pmu-makijaz-permanentny-brwi-usta\/#breadcrumb","itemListElement":[{"@type":"ListItem","position":1,"name":"Home","item":"https:\/\/shop.institut-mkral.co.uk\/pl\/"},{"@type":"ListItem","position":2,"name":"Sklep","item":"https:\/\/shop.institut-mkral.co.uk\/pl\/sklep\/"},{"@type":"ListItem","position":3,"name":"Kurs PMU \u2013 Makija\u017c Permanentny Brwi &#038; Usta"}]},{"@type":"WebSite","@id":"https:\/\/shop.institut-mkral.co.uk\/pl\/#website","url":"https:\/\/shop.institut-mkral.co.uk\/pl\/","name":"shop.institut-mkral.co.uk","description":"","potentialAction":[{"@type":"SearchAction","target":{"@type":"EntryPoint","urlTemplate":"https:\/\/shop.institut-mkral.co.uk\/pl\/?s={search_term_string}"},"query-input":{"@type":"PropertyValueSpecification","valueRequired":true,"valueName":"search_term_string"}}],"inLanguage":"pl-PL"}]}},"_links":{"self":[{"href":"https:\/\/shop.institut-mkral.co.uk\/pl\/wp-json\/wp\/v2\/product\/1894","targetHints":{"allow":["GET"]}}],"collection":[{"href":"https:\/\/shop.institut-mkral.co.uk\/pl\/wp-json\/wp\/v2\/product"}],"about":[{"href":"https:\/\/shop.institut-mkral.co.uk\/pl\/wp-json\/wp\/v2\/types\/product"}],"wp:featuredmedia":[{"embeddable":true,"href":"https:\/\/shop.institut-mkral.co.uk\/pl\/wp-json\/wp\/v2\/media\/1895"}],"wp:attachment":[{"href":"https:\/\/shop.institut-mkral.co.uk\/pl\/wp-json\/wp\/v2\/media?parent=1894"}],"wp:term":[{"taxonomy":"product_brand","embeddable":true,"href":"https:\/\/shop.institut-mkral.co.uk\/pl\/wp-json\/wp\/v2\/product_brand?post=1894"},{"taxonomy":"product_cat","embeddable":true,"href":"https:\/\/shop.institut-mkral.co.uk\/pl\/wp-json\/wp\/v2\/product_cat?post=1894"},{"taxonomy":"product_tag","embeddable":true,"href":"https:\/\/shop.institut-mkral.co.uk\/pl\/wp-json\/wp\/v2\/product_tag?post=1894"}],"curies":[{"name":"wp","href":"https:\/\/api.w.org\/{rel}","templated":true}]}}