{"id":1877,"date":"2024-04-24T14:34:46","date_gmt":"2024-04-24T14:34:46","guid":{"rendered":"https:\/\/shop.institut-mkral.co.uk\/product\/lips\/"},"modified":"2025-09-30T17:19:18","modified_gmt":"2025-09-30T17:19:18","slug":"pmu-makijaz-permanentny-ust","status":"publish","type":"product","link":"https:\/\/shop.institut-mkral.co.uk\/pl\/produkt\/pmu-makijaz-permanentny-ust\/","title":{"rendered":"PMU \u2013 Makija\u017c Permanentny Ust"},"content":{"rendered":"<p>Makija\u017c permanentny ust to idealne rozwi\u0105zanie dla os\u00f3b, kt\u00f3re chc\u0105 podkre\u015bli\u0107 naturalny kszta\u0142t, nada\u0107 ustom symetri\u0119 oraz trwa\u0142y kolor bez codziennego malowania. Zabieg zapewnia efekt delikatnego wype\u0142nienia, optycznego powi\u0119kszenia i \u015bwie\u017cego wygl\u0105du.<\/p>\n<p>W naszym salonie pracujemy na najwy\u017cszej jako\u015bci pigmentach i sterylnych narz\u0119dziach, dzi\u0119ki czemu rezultat jest naturalny, a usta prezentuj\u0105 si\u0119 perfekcyjnie przez wiele miesi\u0119cy.<\/p>\n<ul>\n<li>Full Lips \/ pe\u0142ne wype\u0142nienie \u2013 nadaje ustom intensywny, jednolity kolor i pe\u0142niejszy wygl\u0105d;<\/li>\n<li>Lip Blush \/ cieniowanie ust \u2013 delikatna, subtelna metoda, kt\u00f3ra nadaje ustom naturalny odcie\u0144 i lekki gradient;<\/li>\n<li>Kontur ust \/ Lip Liner \u2013 precyzyjne podkre\u015blenie linii ust, poprawa symetrii i wyra\u017any kszta\u0142t;<\/li>\n<li>Ombre lips \/ efekt ombre \u2013 mi\u0119kki gradient od ja\u015bniejszego \u015brodka do ciemniejszego konturu, dla nowoczesnego, eleganckiego efektu.<\/li>\n<\/ul>\n","protected":false},"excerpt":{"rendered":"<p>Zabieg \/ us\u0142uga : Makija\u017c Permanentny Usta   \u2013 trwa\u0142e, naturalne permanentne usta z perfekcyjnym kolorem i kszta\u0142tem. Idealne rozwi\u0105zanie dla pi\u0119knego, codziennego wygl\u0105du ust.<br \/>\nPermanentny makija\u017c ust \u2013 pi\u0119kne, pe\u0142ne i wyraziste usta ka\u017cdego dnia.<\/p>\n","protected":false},"featured_media":1878,"template":"","meta":[],"product_brand":[],"product_cat":[69],"product_tag":[],"class_list":{"0":"post-1877","1":"product","2":"type-product","3":"status-publish","4":"has-post-thumbnail","6":"product_cat-services","8":"first","9":"instock","10":"shipping-taxable","11":"purchasable","12":"product-type-simple"},"yoast_head":"<!-- This site is optimized with the Yoast SEO plugin v27.5 - https:\/\/yoast.com\/product\/yoast-seo-wordpress\/ -->\n<title>PMU \u2013 Makija\u017c Permanentny Ust - shop.institut-mkral.co.uk<\/title>\n<meta name=\"robots\" content=\"index, follow, max-snippet:-1, max-image-preview:large, max-video-preview:-1\" \/>\n<link rel=\"canonical\" href=\"https:\/\/shop.institut-mkral.co.uk\/pl\/produkt\/pmu-makijaz-permanentny-ust\/\" \/>\n<meta property=\"og:locale\" content=\"pl_PL\" \/>\n<meta property=\"og:type\" content=\"article\" \/>\n<meta property=\"og:title\" content=\"PMU \u2013 Makija\u017c Permanentny Ust - shop.institut-mkral.co.uk\" \/>\n<meta property=\"og:description\" content=\"Zabieg \/ us\u0142uga : Makija\u017c Permanentny Usta  \u2013 trwa\u0142e, naturalne permanentne usta z perfekcyjnym kolorem i kszta\u0142tem. Idealne rozwi\u0105zanie dla pi\u0119knego, codziennego wygl\u0105du ust.  Permanentny makija\u017c ust \u2013 pi\u0119kne, pe\u0142ne i wyraziste usta ka\u017cdego dnia.\" \/>\n<meta property=\"og:url\" content=\"https:\/\/shop.institut-mkral.co.uk\/pl\/produkt\/pmu-makijaz-permanentny-ust\/\" \/>\n<meta property=\"og:site_name\" content=\"shop.institut-mkral.co.uk\" \/>\n<meta property=\"article:modified_time\" content=\"2025-09-30T17:19:18+00:00\" \/>\n<meta property=\"og:image\" content=\"https:\/\/shop.institut-mkral.co.uk\/wp-content\/uploads\/2024\/04\/30.png\" \/>\n\t<meta property=\"og:image:width\" content=\"1000\" \/>\n\t<meta property=\"og:image:height\" content=\"1000\" \/>\n\t<meta property=\"og:image:type\" content=\"image\/png\" \/>\n<meta name=\"twitter:card\" content=\"summary_large_image\" \/>\n<meta name=\"twitter:label1\" content=\"Szacowany czas czytania\" \/>\n\t<meta name=\"twitter:data1\" content=\"1 minuta\" \/>\n<script type=\"application\/ld+json\" class=\"yoast-schema-graph\">{\"@context\":\"https:\\\/\\\/schema.org\",\"@graph\":[{\"@type\":\"WebPage\",\"@id\":\"https:\\\/\\\/shop.institut-mkral.co.uk\\\/pl\\\/produkt\\\/pmu-makijaz-permanentny-ust\\\/\",\"url\":\"https:\\\/\\\/shop.institut-mkral.co.uk\\\/pl\\\/produkt\\\/pmu-makijaz-permanentny-ust\\\/\",\"name\":\"PMU \u2013 Makija\u017c Permanentny Ust - shop.institut-mkral.co.uk\",\"isPartOf\":{\"@id\":\"https:\\\/\\\/shop.institut-mkral.co.uk\\\/pl\\\/#website\"},\"primaryImageOfPage\":{\"@id\":\"https:\\\/\\\/shop.institut-mkral.co.uk\\\/pl\\\/produkt\\\/pmu-makijaz-permanentny-ust\\\/#primaryimage\"},\"image\":{\"@id\":\"https:\\\/\\\/shop.institut-mkral.co.uk\\\/pl\\\/produkt\\\/pmu-makijaz-permanentny-ust\\\/#primaryimage\"},\"thumbnailUrl\":\"https:\\\/\\\/shop.institut-mkral.co.uk\\\/wp-content\\\/uploads\\\/2024\\\/04\\\/30.png\",\"datePublished\":\"2024-04-24T14:34:46+00:00\",\"dateModified\":\"2025-09-30T17:19:18+00:00\",\"breadcrumb\":{\"@id\":\"https:\\\/\\\/shop.institut-mkral.co.uk\\\/pl\\\/produkt\\\/pmu-makijaz-permanentny-ust\\\/#breadcrumb\"},\"inLanguage\":\"pl-PL\",\"potentialAction\":[{\"@type\":\"ReadAction\",\"target\":[\"https:\\\/\\\/shop.institut-mkral.co.uk\\\/pl\\\/produkt\\\/pmu-makijaz-permanentny-ust\\\/\"]}]},{\"@type\":\"ImageObject\",\"inLanguage\":\"pl-PL\",\"@id\":\"https:\\\/\\\/shop.institut-mkral.co.uk\\\/pl\\\/produkt\\\/pmu-makijaz-permanentny-ust\\\/#primaryimage\",\"url\":\"https:\\\/\\\/shop.institut-mkral.co.uk\\\/wp-content\\\/uploads\\\/2024\\\/04\\\/30.png\",\"contentUrl\":\"https:\\\/\\\/shop.institut-mkral.co.uk\\\/wp-content\\\/uploads\\\/2024\\\/04\\\/30.png\",\"width\":1000,\"height\":1000},{\"@type\":\"BreadcrumbList\",\"@id\":\"https:\\\/\\\/shop.institut-mkral.co.uk\\\/pl\\\/produkt\\\/pmu-makijaz-permanentny-ust\\\/#breadcrumb\",\"itemListElement\":[{\"@type\":\"ListItem\",\"position\":1,\"name\":\"Home\",\"item\":\"https:\\\/\\\/shop.institut-mkral.co.uk\\\/pl\\\/\"},{\"@type\":\"ListItem\",\"position\":2,\"name\":\"Sklep\",\"item\":\"https:\\\/\\\/shop.institut-mkral.co.uk\\\/pl\\\/sklep\\\/\"},{\"@type\":\"ListItem\",\"position\":3,\"name\":\"PMU \u2013 Makija\u017c Permanentny Ust\"}]},{\"@type\":\"WebSite\",\"@id\":\"https:\\\/\\\/shop.institut-mkral.co.uk\\\/pl\\\/#website\",\"url\":\"https:\\\/\\\/shop.institut-mkral.co.uk\\\/pl\\\/\",\"name\":\"shop.institut-mkral.co.uk\",\"description\":\"\",\"potentialAction\":[{\"@type\":\"SearchAction\",\"target\":{\"@type\":\"EntryPoint\",\"urlTemplate\":\"https:\\\/\\\/shop.institut-mkral.co.uk\\\/pl\\\/?s={search_term_string}\"},\"query-input\":{\"@type\":\"PropertyValueSpecification\",\"valueRequired\":true,\"valueName\":\"search_term_string\"}}],\"inLanguage\":\"pl-PL\"}]}<\/script>\n<!-- \/ Yoast SEO plugin. -->","yoast_head_json":{"title":"PMU \u2013 Makija\u017c Permanentny Ust - shop.institut-mkral.co.uk","robots":{"index":"index","follow":"follow","max-snippet":"max-snippet:-1","max-image-preview":"max-image-preview:large","max-video-preview":"max-video-preview:-1"},"canonical":"https:\/\/shop.institut-mkral.co.uk\/pl\/produkt\/pmu-makijaz-permanentny-ust\/","og_locale":"pl_PL","og_type":"article","og_title":"PMU \u2013 Makija\u017c Permanentny Ust - shop.institut-mkral.co.uk","og_description":"Zabieg \/ us\u0142uga : Makija\u017c Permanentny Usta  \u2013 trwa\u0142e, naturalne permanentne usta z perfekcyjnym kolorem i kszta\u0142tem. Idealne rozwi\u0105zanie dla pi\u0119knego, codziennego wygl\u0105du ust.  Permanentny makija\u017c ust \u2013 pi\u0119kne, pe\u0142ne i wyraziste usta ka\u017cdego dnia.","og_url":"https:\/\/shop.institut-mkral.co.uk\/pl\/produkt\/pmu-makijaz-permanentny-ust\/","og_site_name":"shop.institut-mkral.co.uk","article_modified_time":"2025-09-30T17:19:18+00:00","og_image":[{"width":1000,"height":1000,"url":"https:\/\/shop.institut-mkral.co.uk\/wp-content\/uploads\/2024\/04\/30.png","type":"image\/png"}],"twitter_card":"summary_large_image","twitter_misc":{"Szacowany czas czytania":"1 minuta"},"schema":{"@context":"https:\/\/schema.org","@graph":[{"@type":"WebPage","@id":"https:\/\/shop.institut-mkral.co.uk\/pl\/produkt\/pmu-makijaz-permanentny-ust\/","url":"https:\/\/shop.institut-mkral.co.uk\/pl\/produkt\/pmu-makijaz-permanentny-ust\/","name":"PMU \u2013 Makija\u017c Permanentny Ust - shop.institut-mkral.co.uk","isPartOf":{"@id":"https:\/\/shop.institut-mkral.co.uk\/pl\/#website"},"primaryImageOfPage":{"@id":"https:\/\/shop.institut-mkral.co.uk\/pl\/produkt\/pmu-makijaz-permanentny-ust\/#primaryimage"},"image":{"@id":"https:\/\/shop.institut-mkral.co.uk\/pl\/produkt\/pmu-makijaz-permanentny-ust\/#primaryimage"},"thumbnailUrl":"https:\/\/shop.institut-mkral.co.uk\/wp-content\/uploads\/2024\/04\/30.png","datePublished":"2024-04-24T14:34:46+00:00","dateModified":"2025-09-30T17:19:18+00:00","breadcrumb":{"@id":"https:\/\/shop.institut-mkral.co.uk\/pl\/produkt\/pmu-makijaz-permanentny-ust\/#breadcrumb"},"inLanguage":"pl-PL","potentialAction":[{"@type":"ReadAction","target":["https:\/\/shop.institut-mkral.co.uk\/pl\/produkt\/pmu-makijaz-permanentny-ust\/"]}]},{"@type":"ImageObject","inLanguage":"pl-PL","@id":"https:\/\/shop.institut-mkral.co.uk\/pl\/produkt\/pmu-makijaz-permanentny-ust\/#primaryimage","url":"https:\/\/shop.institut-mkral.co.uk\/wp-content\/uploads\/2024\/04\/30.png","contentUrl":"https:\/\/shop.institut-mkral.co.uk\/wp-content\/uploads\/2024\/04\/30.png","width":1000,"height":1000},{"@type":"BreadcrumbList","@id":"https:\/\/shop.institut-mkral.co.uk\/pl\/produkt\/pmu-makijaz-permanentny-ust\/#breadcrumb","itemListElement":[{"@type":"ListItem","position":1,"name":"Home","item":"https:\/\/shop.institut-mkral.co.uk\/pl\/"},{"@type":"ListItem","position":2,"name":"Sklep","item":"https:\/\/shop.institut-mkral.co.uk\/pl\/sklep\/"},{"@type":"ListItem","position":3,"name":"PMU \u2013 Makija\u017c Permanentny Ust"}]},{"@type":"WebSite","@id":"https:\/\/shop.institut-mkral.co.uk\/pl\/#website","url":"https:\/\/shop.institut-mkral.co.uk\/pl\/","name":"shop.institut-mkral.co.uk","description":"","potentialAction":[{"@type":"SearchAction","target":{"@type":"EntryPoint","urlTemplate":"https:\/\/shop.institut-mkral.co.uk\/pl\/?s={search_term_string}"},"query-input":{"@type":"PropertyValueSpecification","valueRequired":true,"valueName":"search_term_string"}}],"inLanguage":"pl-PL"}]}},"_links":{"self":[{"href":"https:\/\/shop.institut-mkral.co.uk\/pl\/wp-json\/wp\/v2\/product\/1877","targetHints":{"allow":["GET"]}}],"collection":[{"href":"https:\/\/shop.institut-mkral.co.uk\/pl\/wp-json\/wp\/v2\/product"}],"about":[{"href":"https:\/\/shop.institut-mkral.co.uk\/pl\/wp-json\/wp\/v2\/types\/product"}],"wp:featuredmedia":[{"embeddable":true,"href":"https:\/\/shop.institut-mkral.co.uk\/pl\/wp-json\/wp\/v2\/media\/1878"}],"wp:attachment":[{"href":"https:\/\/shop.institut-mkral.co.uk\/pl\/wp-json\/wp\/v2\/media?parent=1877"}],"wp:term":[{"taxonomy":"product_brand","embeddable":true,"href":"https:\/\/shop.institut-mkral.co.uk\/pl\/wp-json\/wp\/v2\/product_brand?post=1877"},{"taxonomy":"product_cat","embeddable":true,"href":"https:\/\/shop.institut-mkral.co.uk\/pl\/wp-json\/wp\/v2\/product_cat?post=1877"},{"taxonomy":"product_tag","embeddable":true,"href":"https:\/\/shop.institut-mkral.co.uk\/pl\/wp-json\/wp\/v2\/product_tag?post=1877"}],"curies":[{"name":"wp","href":"https:\/\/api.w.org\/{rel}","templated":true}]}}