{"id":1889,"date":"2023-08-11T11:14:43","date_gmt":"2023-08-11T11:14:43","guid":{"rendered":"https:\/\/shop.institut-mkral.co.uk\/about-us\/"},"modified":"2025-09-30T14:03:46","modified_gmt":"2025-09-30T14:03:46","slug":"o-nas","status":"publish","type":"page","link":"https:\/\/shop.institut-mkral.co.uk\/pl\/o-nas\/","title":{"rendered":"O Nas"},"content":{"rendered":"\t\t<div data-elementor-type=\"wp-page\" data-elementor-id=\"1889\" class=\"elementor elementor-1889 elementor-873\" data-elementor-post-type=\"page\">\n\t\t\t\t<div class=\"elementor-element elementor-element-4e03927 e-flex e-con-boxed e-con e-parent\" data-id=\"4e03927\" data-element_type=\"container\" data-e-type=\"container\">\n\t\t\t\t\t<div class=\"e-con-inner\">\n\t\t<div class=\"elementor-element elementor-element-b9ff36c e-con-full e-flex e-con e-child\" data-id=\"b9ff36c\" data-element_type=\"container\" data-e-type=\"container\">\n\t\t\t\t<div class=\"elementor-element elementor-element-ce68c1c elementor-widget elementor-widget-image\" data-id=\"ce68c1c\" data-element_type=\"widget\" data-e-type=\"widget\" data-widget_type=\"image.default\">\n\t\t\t\t<div class=\"elementor-widget-container\">\n\t\t\t\t\t\t\t\t\t\t\t\t\t\t\t<img fetchpriority=\"high\" decoding=\"async\" width=\"2020\" height=\"1284\" src=\"https:\/\/shop.institut-mkral.co.uk\/wp-content\/uploads\/2024\/04\/IMG_6828.jpg\" class=\"attachment-full size-full wp-image-1814\" alt=\"\" srcset=\"https:\/\/shop.institut-mkral.co.uk\/wp-content\/uploads\/2024\/04\/IMG_6828.jpg 2020w, https:\/\/shop.institut-mkral.co.uk\/wp-content\/uploads\/2024\/04\/IMG_6828-300x191.jpg 300w, https:\/\/shop.institut-mkral.co.uk\/wp-content\/uploads\/2024\/04\/IMG_6828-1024x651.jpg 1024w, https:\/\/shop.institut-mkral.co.uk\/wp-content\/uploads\/2024\/04\/IMG_6828-768x488.jpg 768w, https:\/\/shop.institut-mkral.co.uk\/wp-content\/uploads\/2024\/04\/IMG_6828-1536x976.jpg 1536w, https:\/\/shop.institut-mkral.co.uk\/wp-content\/uploads\/2024\/04\/IMG_6828-600x381.jpg 600w\" sizes=\"(max-width: 2020px) 100vw, 2020px\" \/>\t\t\t\t\t\t\t\t\t\t\t\t\t\t\t<\/div>\n\t\t\t\t<\/div>\n\t\t<div class=\"elementor-element elementor-element-213202a e-con-full e-flex e-con e-child\" data-id=\"213202a\" data-element_type=\"container\" data-e-type=\"container\">\n\t\t\t\t<div class=\"elementor-element elementor-element-fcf1e64 elementor-widget elementor-widget-text-editor\" data-id=\"fcf1e64\" data-element_type=\"widget\" data-e-type=\"widget\" data-widget_type=\"text-editor.default\">\n\t\t\t\t<div class=\"elementor-widget-container\">\n\t\t\t\t\t\t\t\t\t<p data-sourcepos=\"3:1-3:97\"><strong>Szukasz ciekawej i kreatywnej pracy?<\/strong> Masz poczucie pi\u0119kna i stylu?<\/p>\n<p data-sourcepos=\"5:1-5:102\"><strong>Dokona\u0142a\u015b w\u0142a\u015bciwego wyboru!<\/strong> Zosta\u0144 linergistk\u0105 i zajmij si\u0119 profesjonalnie makija\u017cem permanentnym.<\/p>\n<p data-sourcepos=\"7:1-7:38\"><strong>Nasze kursy zapewni\u0105 Ci:<\/strong><\/p>\n<ul data-sourcepos=\"9:1-14:0\">\n<li data-sourcepos=\"9:1-9:29\">Solidny start zawodowy<\/li>\n<li data-sourcepos=\"10:1-10:53\">Praktyczne umiej\u0119tno\u015bci, by sprosta\u0107 oczekiwaniom klient\u00f3w<\/li>\n<li data-sourcepos=\"11:1-11:56\">Nowe techniki makija\u017cu permanentnego, kt\u00f3re podnios\u0105 Twoje kwalifikacje<\/li>\n<li data-sourcepos=\"12:1-12:63\">Najwy\u017csze kwalifikacje potwierdzone akredytowanym dyplomem<\/li>\n<li data-sourcepos=\"13:1-14:0\">Przewag\u0119 konkurencyjn\u0105 w bran\u017cy<\/li>\n<\/ul>\n<p data-sourcepos=\"15:1-15:41\"><strong>Podziel\u0119 si\u0119 sekretami tej sztuki:<\/strong><\/p>\n<ul data-sourcepos=\"17:1-19:0\">\n<li data-sourcepos=\"17:1-17:52\">Technikami doskonalonymi przez 13 lat mojego do\u015bwiadczenia<\/li>\n<li data-sourcepos=\"18:1-19:0\">Wiedz\u0105 od wykwalifikowanego trenera TQUK i specjalisty VTCT Level 4 Micropigmentation<\/li>\n<\/ul>\n<p data-sourcepos=\"20:1-20:52\"><strong>Inwestycja w nasze szkolenia szybko si\u0119 zwraca:<\/strong><\/p>\n<ul data-sourcepos=\"22:1-23:0\">\n<li data-sourcepos=\"22:1-23:0\">Nowe umiej\u0119tno\u015bci i rozw\u00f3j zawodowy oznaczaj\u0105 czysty zysk<\/li>\n<\/ul>\n<p data-sourcepos=\"24:1-24:34\"><strong>Podczas i po szkoleniu:<\/strong><\/p>\n<ul data-sourcepos=\"26:1-27:0\">\n<li data-sourcepos=\"26:1-27:0\">Otrzymasz moje pe\u0142ne wsparcie<\/li>\n<\/ul>\n<p data-sourcepos=\"28:1-28:72\"><strong>Szkolimy nieustannie, a satysfakcja kursant\u00f3w jest naszym najwy\u017cszym priorytetem.<\/strong><\/p>\n\t\t\t\t\t\t\t\t<\/div>\n\t\t\t\t<\/div>\n\t\t\t\t<\/div>\n\t\t\t\t<\/div>\n\t\t<div class=\"elementor-element elementor-element-6233051 e-con-full e-flex e-con e-child\" data-id=\"6233051\" data-element_type=\"container\" data-e-type=\"container\">\n\t\t\t\t<\/div>\n\t\t\t\t\t<\/div>\n\t\t\t\t<\/div>\n\t\t\t\t<\/div>\n\t\t","protected":false},"excerpt":{"rendered":"<p>Szukasz ciekawej i kreatywnej pracy? Masz poczucie pi\u0119kna i stylu? Dokona\u0142a\u015b w\u0142a\u015bciwego wyboru! Zosta\u0144 linergistk\u0105 i zajmij si\u0119 profesjonalnie makija\u017cem permanentnym. Nasze kursy zapewni\u0105 Ci: Solidny start zawodowy Praktyczne umiej\u0119tno\u015bci, by sprosta\u0107 oczekiwaniom klient\u00f3w Nowe techniki makija\u017cu permanentnego, kt\u00f3re podnios\u0105 Twoje kwalifikacje Najwy\u017csze kwalifikacje potwierdzone akredytowanym dyplomem Przewag\u0119 konkurencyjn\u0105 w bran\u017cy Podziel\u0119 si\u0119 sekretami tej [&hellip;]<\/p>\n","protected":false},"author":4,"featured_media":1847,"parent":0,"menu_order":0,"comment_status":"closed","ping_status":"closed","template":"full-width-page.php","meta":{"footnotes":""},"class_list":["post-1889","page","type-page","status-publish","has-post-thumbnail","hentry"],"yoast_head":"<!-- This site is optimized with the Yoast SEO plugin v27.5 - https:\/\/yoast.com\/product\/yoast-seo-wordpress\/ -->\n<title>O Nas - shop.institut-mkral.co.uk<\/title>\n<meta name=\"robots\" content=\"index, follow, max-snippet:-1, max-image-preview:large, max-video-preview:-1\" \/>\n<link rel=\"canonical\" href=\"https:\/\/shop.institut-mkral.co.uk\/pl\/o-nas\/\" \/>\n<meta property=\"og:locale\" content=\"pl_PL\" \/>\n<meta property=\"og:type\" content=\"article\" \/>\n<meta property=\"og:title\" content=\"O Nas - shop.institut-mkral.co.uk\" \/>\n<meta property=\"og:description\" content=\"Szukasz ciekawej i kreatywnej pracy? Masz poczucie pi\u0119kna i stylu? Dokona\u0142a\u015b w\u0142a\u015bciwego wyboru! Zosta\u0144 linergistk\u0105 i zajmij si\u0119 profesjonalnie makija\u017cem permanentnym. Nasze kursy zapewni\u0105 Ci: Solidny start zawodowy Praktyczne umiej\u0119tno\u015bci, by sprosta\u0107 oczekiwaniom klient\u00f3w Nowe techniki makija\u017cu permanentnego, kt\u00f3re podnios\u0105 Twoje kwalifikacje Najwy\u017csze kwalifikacje potwierdzone akredytowanym dyplomem Przewag\u0119 konkurencyjn\u0105 w bran\u017cy Podziel\u0119 si\u0119 sekretami tej [&hellip;]\" \/>\n<meta property=\"og:url\" content=\"https:\/\/shop.institut-mkral.co.uk\/pl\/o-nas\/\" \/>\n<meta property=\"og:site_name\" content=\"shop.institut-mkral.co.uk\" \/>\n<meta property=\"article:modified_time\" content=\"2025-09-30T14:03:46+00:00\" \/>\n<meta property=\"og:image\" content=\"https:\/\/shop.institut-mkral.co.uk\/wp-content\/uploads\/2024\/04\/2.png\" \/>\n\t<meta property=\"og:image:width\" content=\"1056\" \/>\n\t<meta property=\"og:image:height\" content=\"1300\" \/>\n\t<meta property=\"og:image:type\" content=\"image\/png\" \/>\n<meta name=\"twitter:card\" content=\"summary_large_image\" \/>\n<meta name=\"twitter:label1\" content=\"Szacowany czas czytania\" \/>\n\t<meta name=\"twitter:data1\" content=\"1 minuta\" \/>\n<script type=\"application\/ld+json\" class=\"yoast-schema-graph\">{\"@context\":\"https:\\\/\\\/schema.org\",\"@graph\":[{\"@type\":\"WebPage\",\"@id\":\"https:\\\/\\\/shop.institut-mkral.co.uk\\\/pl\\\/o-nas\\\/\",\"url\":\"https:\\\/\\\/shop.institut-mkral.co.uk\\\/pl\\\/o-nas\\\/\",\"name\":\"O Nas - shop.institut-mkral.co.uk\",\"isPartOf\":{\"@id\":\"https:\\\/\\\/shop.institut-mkral.co.uk\\\/pl\\\/#website\"},\"primaryImageOfPage\":{\"@id\":\"https:\\\/\\\/shop.institut-mkral.co.uk\\\/pl\\\/o-nas\\\/#primaryimage\"},\"image\":{\"@id\":\"https:\\\/\\\/shop.institut-mkral.co.uk\\\/pl\\\/o-nas\\\/#primaryimage\"},\"thumbnailUrl\":\"https:\\\/\\\/shop.institut-mkral.co.uk\\\/wp-content\\\/uploads\\\/2024\\\/04\\\/2.png\",\"datePublished\":\"2023-08-11T11:14:43+00:00\",\"dateModified\":\"2025-09-30T14:03:46+00:00\",\"breadcrumb\":{\"@id\":\"https:\\\/\\\/shop.institut-mkral.co.uk\\\/pl\\\/o-nas\\\/#breadcrumb\"},\"inLanguage\":\"pl-PL\",\"potentialAction\":[{\"@type\":\"ReadAction\",\"target\":[\"https:\\\/\\\/shop.institut-mkral.co.uk\\\/pl\\\/o-nas\\\/\"]}]},{\"@type\":\"ImageObject\",\"inLanguage\":\"pl-PL\",\"@id\":\"https:\\\/\\\/shop.institut-mkral.co.uk\\\/pl\\\/o-nas\\\/#primaryimage\",\"url\":\"https:\\\/\\\/shop.institut-mkral.co.uk\\\/wp-content\\\/uploads\\\/2024\\\/04\\\/2.png\",\"contentUrl\":\"https:\\\/\\\/shop.institut-mkral.co.uk\\\/wp-content\\\/uploads\\\/2024\\\/04\\\/2.png\",\"width\":1056,\"height\":1300},{\"@type\":\"BreadcrumbList\",\"@id\":\"https:\\\/\\\/shop.institut-mkral.co.uk\\\/pl\\\/o-nas\\\/#breadcrumb\",\"itemListElement\":[{\"@type\":\"ListItem\",\"position\":1,\"name\":\"Home\",\"item\":\"https:\\\/\\\/shop.institut-mkral.co.uk\\\/pl\\\/\"},{\"@type\":\"ListItem\",\"position\":2,\"name\":\"O Nas\"}]},{\"@type\":\"WebSite\",\"@id\":\"https:\\\/\\\/shop.institut-mkral.co.uk\\\/pl\\\/#website\",\"url\":\"https:\\\/\\\/shop.institut-mkral.co.uk\\\/pl\\\/\",\"name\":\"shop.institut-mkral.co.uk\",\"description\":\"\",\"potentialAction\":[{\"@type\":\"SearchAction\",\"target\":{\"@type\":\"EntryPoint\",\"urlTemplate\":\"https:\\\/\\\/shop.institut-mkral.co.uk\\\/pl\\\/?s={search_term_string}\"},\"query-input\":{\"@type\":\"PropertyValueSpecification\",\"valueRequired\":true,\"valueName\":\"search_term_string\"}}],\"inLanguage\":\"pl-PL\"}]}<\/script>\n<!-- \/ Yoast SEO plugin. -->","yoast_head_json":{"title":"O Nas - shop.institut-mkral.co.uk","robots":{"index":"index","follow":"follow","max-snippet":"max-snippet:-1","max-image-preview":"max-image-preview:large","max-video-preview":"max-video-preview:-1"},"canonical":"https:\/\/shop.institut-mkral.co.uk\/pl\/o-nas\/","og_locale":"pl_PL","og_type":"article","og_title":"O Nas - shop.institut-mkral.co.uk","og_description":"Szukasz ciekawej i kreatywnej pracy? Masz poczucie pi\u0119kna i stylu? Dokona\u0142a\u015b w\u0142a\u015bciwego wyboru! Zosta\u0144 linergistk\u0105 i zajmij si\u0119 profesjonalnie makija\u017cem permanentnym. Nasze kursy zapewni\u0105 Ci: Solidny start zawodowy Praktyczne umiej\u0119tno\u015bci, by sprosta\u0107 oczekiwaniom klient\u00f3w Nowe techniki makija\u017cu permanentnego, kt\u00f3re podnios\u0105 Twoje kwalifikacje Najwy\u017csze kwalifikacje potwierdzone akredytowanym dyplomem Przewag\u0119 konkurencyjn\u0105 w bran\u017cy Podziel\u0119 si\u0119 sekretami tej [&hellip;]","og_url":"https:\/\/shop.institut-mkral.co.uk\/pl\/o-nas\/","og_site_name":"shop.institut-mkral.co.uk","article_modified_time":"2025-09-30T14:03:46+00:00","og_image":[{"width":1056,"height":1300,"url":"https:\/\/shop.institut-mkral.co.uk\/wp-content\/uploads\/2024\/04\/2.png","type":"image\/png"}],"twitter_card":"summary_large_image","twitter_misc":{"Szacowany czas czytania":"1 minuta"},"schema":{"@context":"https:\/\/schema.org","@graph":[{"@type":"WebPage","@id":"https:\/\/shop.institut-mkral.co.uk\/pl\/o-nas\/","url":"https:\/\/shop.institut-mkral.co.uk\/pl\/o-nas\/","name":"O Nas - shop.institut-mkral.co.uk","isPartOf":{"@id":"https:\/\/shop.institut-mkral.co.uk\/pl\/#website"},"primaryImageOfPage":{"@id":"https:\/\/shop.institut-mkral.co.uk\/pl\/o-nas\/#primaryimage"},"image":{"@id":"https:\/\/shop.institut-mkral.co.uk\/pl\/o-nas\/#primaryimage"},"thumbnailUrl":"https:\/\/shop.institut-mkral.co.uk\/wp-content\/uploads\/2024\/04\/2.png","datePublished":"2023-08-11T11:14:43+00:00","dateModified":"2025-09-30T14:03:46+00:00","breadcrumb":{"@id":"https:\/\/shop.institut-mkral.co.uk\/pl\/o-nas\/#breadcrumb"},"inLanguage":"pl-PL","potentialAction":[{"@type":"ReadAction","target":["https:\/\/shop.institut-mkral.co.uk\/pl\/o-nas\/"]}]},{"@type":"ImageObject","inLanguage":"pl-PL","@id":"https:\/\/shop.institut-mkral.co.uk\/pl\/o-nas\/#primaryimage","url":"https:\/\/shop.institut-mkral.co.uk\/wp-content\/uploads\/2024\/04\/2.png","contentUrl":"https:\/\/shop.institut-mkral.co.uk\/wp-content\/uploads\/2024\/04\/2.png","width":1056,"height":1300},{"@type":"BreadcrumbList","@id":"https:\/\/shop.institut-mkral.co.uk\/pl\/o-nas\/#breadcrumb","itemListElement":[{"@type":"ListItem","position":1,"name":"Home","item":"https:\/\/shop.institut-mkral.co.uk\/pl\/"},{"@type":"ListItem","position":2,"name":"O Nas"}]},{"@type":"WebSite","@id":"https:\/\/shop.institut-mkral.co.uk\/pl\/#website","url":"https:\/\/shop.institut-mkral.co.uk\/pl\/","name":"shop.institut-mkral.co.uk","description":"","potentialAction":[{"@type":"SearchAction","target":{"@type":"EntryPoint","urlTemplate":"https:\/\/shop.institut-mkral.co.uk\/pl\/?s={search_term_string}"},"query-input":{"@type":"PropertyValueSpecification","valueRequired":true,"valueName":"search_term_string"}}],"inLanguage":"pl-PL"}]}},"_links":{"self":[{"href":"https:\/\/shop.institut-mkral.co.uk\/pl\/wp-json\/wp\/v2\/pages\/1889","targetHints":{"allow":["GET"]}}],"collection":[{"href":"https:\/\/shop.institut-mkral.co.uk\/pl\/wp-json\/wp\/v2\/pages"}],"about":[{"href":"https:\/\/shop.institut-mkral.co.uk\/pl\/wp-json\/wp\/v2\/types\/page"}],"author":[{"embeddable":true,"href":"https:\/\/shop.institut-mkral.co.uk\/pl\/wp-json\/wp\/v2\/users\/4"}],"replies":[{"embeddable":true,"href":"https:\/\/shop.institut-mkral.co.uk\/pl\/wp-json\/wp\/v2\/comments?post=1889"}],"version-history":[{"count":4,"href":"https:\/\/shop.institut-mkral.co.uk\/pl\/wp-json\/wp\/v2\/pages\/1889\/revisions"}],"predecessor-version":[{"id":1893,"href":"https:\/\/shop.institut-mkral.co.uk\/pl\/wp-json\/wp\/v2\/pages\/1889\/revisions\/1893"}],"wp:featuredmedia":[{"embeddable":true,"href":"https:\/\/shop.institut-mkral.co.uk\/pl\/wp-json\/wp\/v2\/media\/1847"}],"wp:attachment":[{"href":"https:\/\/shop.institut-mkral.co.uk\/pl\/wp-json\/wp\/v2\/media?parent=1889"}],"curies":[{"name":"wp","href":"https:\/\/api.w.org\/{rel}","templated":true}]}}